{"id":2853,"date":"2025-11-18T10:56:52","date_gmt":"2025-11-18T08:56:52","guid":{"rendered":"https:\/\/wiitta.fi\/?post_type=product&#038;p=2853"},"modified":"2026-01-09T15:07:28","modified_gmt":"2026-01-09T13:07:28","slug":"the-ahkio-636","status":"publish","type":"product","link":"https:\/\/wiitta.fi\/de\/tuote\/the-ahkio-636\/","title":{"rendered":"The Ahkio 636"},"content":{"rendered":"<h1><strong>The Ahkio 636<\/strong><\/h1>\n<p>Kotimainen klassikko jo vuodesta 1967!\u00a0 (Saatat muistaa t\u00e4m\u00e4n my\u00f6s Sarvis-ahkiona)<\/p>\n<p>The Ahkio -pulkka on aerodynaamisesti muotoiltu minimoimaan ilmanvastusta ja takaamaan huippunopeudet m\u00e4enlaskussa. T\u00e4m\u00e4 ikoninen pulkka on ollut sukupolvien suosikki ja tuo vauhdin hurmaa talvip\u00e4iviin. Testattu EN 71-1 -standardin mukaisesti.<\/p>\n","protected":false},"excerpt":{"rendered":"<p style=\"text-align: left;\">Kotimainen klassikko jo vuodesta 1967. Aerodynaamisesti muotoiltu The Ahkio -pulkka v\u00e4hent\u00e4\u00e4 ilmanvastusta ja tarjoaa vauhdikkaan kyydin talven pulkkam\u00e4kiin. Ikoninen malli, joka on ilahduttanut sukupolvia. Testattu EN 71-1 -standardin mukaisesti.<\/p>\n","protected":false},"featured_media":2856,"comment_status":"closed","ping_status":"closed","template":"","meta":{"_acf_changed":false},"product_brand":[],"product_cat":[280],"product_tag":[276,297,298,296,290,293,273,285,286,288,278,291,272,271,289,292,294,287,295,274,275],"class_list":{"0":"post-2853","1":"product","2":"type-product","3":"status-publish","4":"has-post-thumbnail","6":"product_cat-pulkat","7":"product_tag-ahkio","8":"product_tag-avainlippu","9":"product_tag-avainlipputuote","10":"product_tag-kestava-pulkka","11":"product_tag-klassinen-pulkka","12":"product_tag-kotimainen-pulkka","13":"product_tag-lasten-pulkka","14":"product_tag-liukuri","15":"product_tag-liukurit","16":"product_tag-lumileluja-lapsille","17":"product_tag-lumilelut","18":"product_tag-perinnepulkka","19":"product_tag-pulkat","20":"product_tag-pulkka","21":"product_tag-pulkkamaki","22":"product_tag-retropulkka","23":"product_tag-suomessa-valmistettu-pulkka","24":"product_tag-talvilelut","25":"product_tag-vastuullinen","26":"product_tag-vauvan-pulkka","27":"product_tag-vauvapulkka","29":"first","30":"instock","31":"shipping-taxable","32":"purchasable","33":"product-type-variable"},"acf":[],"yoast_head":"<!-- This site is optimized with the Yoast SEO plugin v26.3 - https:\/\/yoast.com\/wordpress\/plugins\/seo\/ -->\n<title>The Ahkio 636 - Wiitta &#10084;<\/title>\n<meta name=\"description\" content=\"The Ahkio on suomalainen klassikkopulkka vuodesta 1967. Aerodynaaminen muoto, huippunopeus ja EN 71-1 -testattu turvallisuus.\" \/>\n<meta name=\"robots\" content=\"index, follow, max-snippet:-1, max-image-preview:large, max-video-preview:-1\" \/>\n<link rel=\"canonical\" href=\"https:\/\/wiitta.fi\/tuote\/the-ahkio-636\/\" \/>\n<meta property=\"og:locale\" content=\"de_DE\" \/>\n<meta property=\"og:type\" content=\"article\" \/>\n<meta property=\"og:title\" content=\"The Ahkio 636 - Wiitta &#10084;\" \/>\n<meta property=\"og:description\" content=\"The Ahkio on suomalainen klassikkopulkka vuodesta 1967. Aerodynaaminen muoto, huippunopeus ja EN 71-1 -testattu turvallisuus.\" \/>\n<meta property=\"og:url\" content=\"https:\/\/wiitta.fi\/tuote\/the-ahkio-636\/\" \/>\n<meta property=\"og:site_name\" content=\"Wiitta &#10084;\" \/>\n<meta property=\"article:modified_time\" content=\"2026-01-09T13:07:28+00:00\" \/>\n<meta property=\"og:image\" content=\"https:\/\/wiitta.fi\/wp-content\/uploads\/2025\/11\/Ahkio-636_blue.jpg\" \/>\n\t<meta property=\"og:image:width\" content=\"768\" \/>\n\t<meta property=\"og:image:height\" content=\"768\" \/>\n\t<meta property=\"og:image:type\" content=\"image\/jpeg\" \/>\n<meta name=\"twitter:card\" content=\"summary_large_image\" \/>\n<meta name=\"twitter:label1\" content=\"Gesch\u00e4tzte Lesezeit\" \/>\n\t<meta name=\"twitter:data1\" content=\"1\u00a0Minute\" \/>\n<script type=\"application\/ld+json\" class=\"yoast-schema-graph\">{\"@context\":\"https:\/\/schema.org\",\"@graph\":[{\"@type\":\"WebPage\",\"@id\":\"https:\/\/wiitta.fi\/tuote\/the-ahkio-636\/\",\"url\":\"https:\/\/wiitta.fi\/tuote\/the-ahkio-636\/\",\"name\":\"The Ahkio 636 - Wiitta &#10084;\",\"isPartOf\":{\"@id\":\"https:\/\/wiitta.fi\/#website\"},\"primaryImageOfPage\":{\"@id\":\"https:\/\/wiitta.fi\/tuote\/the-ahkio-636\/#primaryimage\"},\"image\":{\"@id\":\"https:\/\/wiitta.fi\/tuote\/the-ahkio-636\/#primaryimage\"},\"thumbnailUrl\":\"https:\/\/wiitta.fi\/wp-content\/uploads\/2025\/11\/Ahkio-636_blue.jpg\",\"datePublished\":\"2025-11-18T08:56:52+00:00\",\"dateModified\":\"2026-01-09T13:07:28+00:00\",\"description\":\"The Ahkio on suomalainen klassikkopulkka vuodesta 1967. Aerodynaaminen muoto, huippunopeus ja EN 71-1 -testattu turvallisuus.\",\"breadcrumb\":{\"@id\":\"https:\/\/wiitta.fi\/tuote\/the-ahkio-636\/#breadcrumb\"},\"inLanguage\":\"de\",\"potentialAction\":[{\"@type\":\"ReadAction\",\"target\":[\"https:\/\/wiitta.fi\/tuote\/the-ahkio-636\/\"]}]},{\"@type\":\"ImageObject\",\"inLanguage\":\"de\",\"@id\":\"https:\/\/wiitta.fi\/tuote\/the-ahkio-636\/#primaryimage\",\"url\":\"https:\/\/wiitta.fi\/wp-content\/uploads\/2025\/11\/Ahkio-636_blue.jpg\",\"contentUrl\":\"https:\/\/wiitta.fi\/wp-content\/uploads\/2025\/11\/Ahkio-636_blue.jpg\",\"width\":768,\"height\":768},{\"@type\":\"BreadcrumbList\",\"@id\":\"https:\/\/wiitta.fi\/tuote\/the-ahkio-636\/#breadcrumb\",\"itemListElement\":[{\"@type\":\"ListItem\",\"position\":1,\"name\":\"Etusivu\",\"item\":\"https:\/\/wiitta.fi\/de\/hauptseite\/\"},{\"@type\":\"ListItem\",\"position\":2,\"name\":\"Kauppa\",\"item\":\"https:\/\/wiitta.fi\/kauppa\/\"},{\"@type\":\"ListItem\",\"position\":3,\"name\":\"The Ahkio 636\"}]},{\"@type\":\"WebSite\",\"@id\":\"https:\/\/wiitta.fi\/#website\",\"url\":\"https:\/\/wiitta.fi\/\",\"name\":\"Wiitta \u2764\",\"description\":\"Rakkaudesta muoviin\",\"publisher\":{\"@id\":\"https:\/\/wiitta.fi\/#organization\"},\"potentialAction\":[{\"@type\":\"SearchAction\",\"target\":{\"@type\":\"EntryPoint\",\"urlTemplate\":\"https:\/\/wiitta.fi\/?s={search_term_string}\"},\"query-input\":{\"@type\":\"PropertyValueSpecification\",\"valueRequired\":true,\"valueName\":\"search_term_string\"}}],\"inLanguage\":\"de\"},{\"@type\":\"Organization\",\"@id\":\"https:\/\/wiitta.fi\/#organization\",\"name\":\"Wiitta \u2764\",\"url\":\"https:\/\/wiitta.fi\/\",\"logo\":{\"@type\":\"ImageObject\",\"inLanguage\":\"de\",\"@id\":\"https:\/\/wiitta.fi\/#\/schema\/logo\/image\/\",\"url\":\"https:\/\/wiitta.fi\/wp-content\/uploads\/2024\/09\/wiitta_logo-Copy.svg\",\"contentUrl\":\"https:\/\/wiitta.fi\/wp-content\/uploads\/2024\/09\/wiitta_logo-Copy.svg\",\"width\":1,\"height\":1,\"caption\":\"Wiitta \u2764\"},\"image\":{\"@id\":\"https:\/\/wiitta.fi\/#\/schema\/logo\/image\/\"}}]}<\/script>\n<!-- \/ Yoast SEO plugin. -->","yoast_head_json":{"title":"The Ahkio 636 - Wiitta &#10084;","description":"The Ahkio on suomalainen klassikkopulkka vuodesta 1967. Aerodynaaminen muoto, huippunopeus ja EN 71-1 -testattu turvallisuus.","robots":{"index":"index","follow":"follow","max-snippet":"max-snippet:-1","max-image-preview":"max-image-preview:large","max-video-preview":"max-video-preview:-1"},"canonical":"https:\/\/wiitta.fi\/tuote\/the-ahkio-636\/","og_locale":"de_DE","og_type":"article","og_title":"The Ahkio 636 - Wiitta &#10084;","og_description":"The Ahkio on suomalainen klassikkopulkka vuodesta 1967. Aerodynaaminen muoto, huippunopeus ja EN 71-1 -testattu turvallisuus.","og_url":"https:\/\/wiitta.fi\/tuote\/the-ahkio-636\/","og_site_name":"Wiitta &#10084;","article_modified_time":"2026-01-09T13:07:28+00:00","og_image":[{"width":768,"height":768,"url":"https:\/\/wiitta.fi\/wp-content\/uploads\/2025\/11\/Ahkio-636_blue.jpg","type":"image\/jpeg"}],"twitter_card":"summary_large_image","twitter_misc":{"Gesch\u00e4tzte Lesezeit":"1\u00a0Minute"},"schema":{"@context":"https:\/\/schema.org","@graph":[{"@type":"WebPage","@id":"https:\/\/wiitta.fi\/tuote\/the-ahkio-636\/","url":"https:\/\/wiitta.fi\/tuote\/the-ahkio-636\/","name":"The Ahkio 636 - Wiitta &#10084;","isPartOf":{"@id":"https:\/\/wiitta.fi\/#website"},"primaryImageOfPage":{"@id":"https:\/\/wiitta.fi\/tuote\/the-ahkio-636\/#primaryimage"},"image":{"@id":"https:\/\/wiitta.fi\/tuote\/the-ahkio-636\/#primaryimage"},"thumbnailUrl":"https:\/\/wiitta.fi\/wp-content\/uploads\/2025\/11\/Ahkio-636_blue.jpg","datePublished":"2025-11-18T08:56:52+00:00","dateModified":"2026-01-09T13:07:28+00:00","description":"The Ahkio on suomalainen klassikkopulkka vuodesta 1967. Aerodynaaminen muoto, huippunopeus ja EN 71-1 -testattu turvallisuus.","breadcrumb":{"@id":"https:\/\/wiitta.fi\/tuote\/the-ahkio-636\/#breadcrumb"},"inLanguage":"de","potentialAction":[{"@type":"ReadAction","target":["https:\/\/wiitta.fi\/tuote\/the-ahkio-636\/"]}]},{"@type":"ImageObject","inLanguage":"de","@id":"https:\/\/wiitta.fi\/tuote\/the-ahkio-636\/#primaryimage","url":"https:\/\/wiitta.fi\/wp-content\/uploads\/2025\/11\/Ahkio-636_blue.jpg","contentUrl":"https:\/\/wiitta.fi\/wp-content\/uploads\/2025\/11\/Ahkio-636_blue.jpg","width":768,"height":768},{"@type":"BreadcrumbList","@id":"https:\/\/wiitta.fi\/tuote\/the-ahkio-636\/#breadcrumb","itemListElement":[{"@type":"ListItem","position":1,"name":"Etusivu","item":"https:\/\/wiitta.fi\/de\/hauptseite\/"},{"@type":"ListItem","position":2,"name":"Kauppa","item":"https:\/\/wiitta.fi\/kauppa\/"},{"@type":"ListItem","position":3,"name":"The Ahkio 636"}]},{"@type":"WebSite","@id":"https:\/\/wiitta.fi\/#website","url":"https:\/\/wiitta.fi\/","name":"Wiitta \u2764","description":"Rakkaudesta muoviin","publisher":{"@id":"https:\/\/wiitta.fi\/#organization"},"potentialAction":[{"@type":"SearchAction","target":{"@type":"EntryPoint","urlTemplate":"https:\/\/wiitta.fi\/?s={search_term_string}"},"query-input":{"@type":"PropertyValueSpecification","valueRequired":true,"valueName":"search_term_string"}}],"inLanguage":"de"},{"@type":"Organization","@id":"https:\/\/wiitta.fi\/#organization","name":"Wiitta \u2764","url":"https:\/\/wiitta.fi\/","logo":{"@type":"ImageObject","inLanguage":"de","@id":"https:\/\/wiitta.fi\/#\/schema\/logo\/image\/","url":"https:\/\/wiitta.fi\/wp-content\/uploads\/2024\/09\/wiitta_logo-Copy.svg","contentUrl":"https:\/\/wiitta.fi\/wp-content\/uploads\/2024\/09\/wiitta_logo-Copy.svg","width":1,"height":1,"caption":"Wiitta \u2764"},"image":{"@id":"https:\/\/wiitta.fi\/#\/schema\/logo\/image\/"}}]}},"_links":{"self":[{"href":"https:\/\/wiitta.fi\/de\/wp-json\/wp\/v2\/product\/2853","targetHints":{"allow":["GET"]}}],"collection":[{"href":"https:\/\/wiitta.fi\/de\/wp-json\/wp\/v2\/product"}],"about":[{"href":"https:\/\/wiitta.fi\/de\/wp-json\/wp\/v2\/types\/product"}],"replies":[{"embeddable":true,"href":"https:\/\/wiitta.fi\/de\/wp-json\/wp\/v2\/comments?post=2853"}],"wp:featuredmedia":[{"embeddable":true,"href":"https:\/\/wiitta.fi\/de\/wp-json\/wp\/v2\/media\/2856"}],"wp:attachment":[{"href":"https:\/\/wiitta.fi\/de\/wp-json\/wp\/v2\/media?parent=2853"}],"wp:term":[{"taxonomy":"product_brand","embeddable":true,"href":"https:\/\/wiitta.fi\/de\/wp-json\/wp\/v2\/product_brand?post=2853"},{"taxonomy":"product_cat","embeddable":true,"href":"https:\/\/wiitta.fi\/de\/wp-json\/wp\/v2\/product_cat?post=2853"},{"taxonomy":"product_tag","embeddable":true,"href":"https:\/\/wiitta.fi\/de\/wp-json\/wp\/v2\/product_tag?post=2853"}],"curies":[{"name":"wp","href":"https:\/\/api.w.org\/{rel}","templated":true}]}}