{"id":2990,"date":"2025-11-20T17:39:15","date_gmt":"2025-11-20T15:39:15","guid":{"rendered":"https:\/\/wiitta.fi\/?post_type=product&#038;p=2990"},"modified":"2026-01-09T14:43:18","modified_gmt":"2026-01-09T12:43:18","slug":"lasten-lumikola-443","status":"publish","type":"product","link":"https:\/\/wiitta.fi\/de\/tuote\/lasten-lumikola-443\/","title":{"rendered":"Lasten lumikola 443"},"content":{"rendered":"<h1>Lasten lumikola 443<\/h1>\n","protected":false},"excerpt":{"rendered":"<p>Lujatekoinen lumikola perheen pienelle apurille. Alumiininen k\u00e4rki ja aisa tuovat kest\u00e4vyytt\u00e4, ja HD-PE-muovista valmistettu kuuppa kest\u00e4\u00e4 pakkasta ja kovaa k\u00e4ytt\u00f6\u00e4. Suomessa valmistettu Avainlipputuote. Testattu EN 71-1 -standardin mukaisesti.<\/p>\n","protected":false},"featured_media":3056,"comment_status":"closed","ping_status":"closed","template":"","meta":{"_acf_changed":false},"product_brand":[],"product_cat":[57],"product_tag":[276,297,298,296,290,293,320,273,285,286,319,321,288,278,291,272,271,289,292,294,287,295,274,275],"class_list":{"0":"post-2990","1":"product","2":"type-product","3":"status-publish","4":"has-post-thumbnail","6":"product_cat-muut-tuotteet","7":"product_tag-ahkio","8":"product_tag-avainlippu","9":"product_tag-avainlipputuote","10":"product_tag-kestava-pulkka","11":"product_tag-klassinen-pulkka","12":"product_tag-kotimainen-pulkka","13":"product_tag-lasten-lumikola","14":"product_tag-lasten-pulkka","15":"product_tag-liukuri","16":"product_tag-liukurit","17":"product_tag-lumikola","18":"product_tag-lumikola-lapsille","19":"product_tag-lumileluja-lapsille","20":"product_tag-lumilelut","21":"product_tag-perinnepulkka","22":"product_tag-pulkat","23":"product_tag-pulkka","24":"product_tag-pulkkamaki","25":"product_tag-retropulkka","26":"product_tag-suomessa-valmistettu-pulkka","27":"product_tag-talvilelut","28":"product_tag-vastuullinen","29":"product_tag-vauvan-pulkka","30":"product_tag-vauvapulkka","32":"first","33":"instock","34":"shipping-taxable","35":"purchasable","36":"product-type-variable"},"acf":[],"yoast_head":"<!-- This site is optimized with the Yoast SEO plugin v26.3 - https:\/\/yoast.com\/wordpress\/plugins\/seo\/ -->\n<title>Lasten lumikola 443 - Wiitta &#10084;<\/title>\n<meta name=\"description\" content=\"Kest\u00e4v\u00e4 kotimainen lasten lumikola alumiinik\u00e4rjell\u00e4. HD-PE-muovinen kuuppa kest\u00e4\u00e4 pakkasta. Avainlipputuote, testattu EN 71-1 -standardin mukaan.\" \/>\n<meta name=\"robots\" content=\"index, follow, max-snippet:-1, max-image-preview:large, max-video-preview:-1\" \/>\n<link rel=\"canonical\" href=\"https:\/\/wiitta.fi\/tuote\/lasten-lumikola-443\/\" \/>\n<meta property=\"og:locale\" content=\"de_DE\" \/>\n<meta property=\"og:type\" content=\"article\" \/>\n<meta property=\"og:title\" content=\"Lasten lumikola 443 - Wiitta &#10084;\" \/>\n<meta property=\"og:description\" content=\"Kest\u00e4v\u00e4 kotimainen lasten lumikola alumiinik\u00e4rjell\u00e4. HD-PE-muovinen kuuppa kest\u00e4\u00e4 pakkasta. Avainlipputuote, testattu EN 71-1 -standardin mukaan.\" \/>\n<meta property=\"og:url\" content=\"https:\/\/wiitta.fi\/tuote\/lasten-lumikola-443\/\" \/>\n<meta property=\"og:site_name\" content=\"Wiitta &#10084;\" \/>\n<meta property=\"article:modified_time\" content=\"2026-01-09T12:43:18+00:00\" \/>\n<meta property=\"og:image\" content=\"https:\/\/wiitta.fi\/wp-content\/uploads\/2025\/11\/Lapio_Plastic-459_blue_Web.jpg\" \/>\n\t<meta property=\"og:image:width\" content=\"835\" \/>\n\t<meta property=\"og:image:height\" content=\"768\" \/>\n\t<meta property=\"og:image:type\" content=\"image\/jpeg\" \/>\n<meta name=\"twitter:card\" content=\"summary_large_image\" \/>\n<meta name=\"twitter:label1\" content=\"Gesch\u00e4tzte Lesezeit\" \/>\n\t<meta name=\"twitter:data1\" content=\"1\u00a0Minute\" \/>\n<script type=\"application\/ld+json\" class=\"yoast-schema-graph\">{\"@context\":\"https:\/\/schema.org\",\"@graph\":[{\"@type\":\"WebPage\",\"@id\":\"https:\/\/wiitta.fi\/tuote\/lasten-lumikola-443\/\",\"url\":\"https:\/\/wiitta.fi\/tuote\/lasten-lumikola-443\/\",\"name\":\"Lasten lumikola 443 - Wiitta &#10084;\",\"isPartOf\":{\"@id\":\"https:\/\/wiitta.fi\/#website\"},\"primaryImageOfPage\":{\"@id\":\"https:\/\/wiitta.fi\/tuote\/lasten-lumikola-443\/#primaryimage\"},\"image\":{\"@id\":\"https:\/\/wiitta.fi\/tuote\/lasten-lumikola-443\/#primaryimage\"},\"thumbnailUrl\":\"https:\/\/wiitta.fi\/wp-content\/uploads\/2025\/11\/Lapio_Plastic-459_blue_Web.jpg\",\"datePublished\":\"2025-11-20T15:39:15+00:00\",\"dateModified\":\"2026-01-09T12:43:18+00:00\",\"description\":\"Kest\u00e4v\u00e4 kotimainen lasten lumikola alumiinik\u00e4rjell\u00e4. HD-PE-muovinen kuuppa kest\u00e4\u00e4 pakkasta. Avainlipputuote, testattu EN 71-1 -standardin mukaan.\",\"breadcrumb\":{\"@id\":\"https:\/\/wiitta.fi\/tuote\/lasten-lumikola-443\/#breadcrumb\"},\"inLanguage\":\"de\",\"potentialAction\":[{\"@type\":\"ReadAction\",\"target\":[\"https:\/\/wiitta.fi\/tuote\/lasten-lumikola-443\/\"]}]},{\"@type\":\"ImageObject\",\"inLanguage\":\"de\",\"@id\":\"https:\/\/wiitta.fi\/tuote\/lasten-lumikola-443\/#primaryimage\",\"url\":\"https:\/\/wiitta.fi\/wp-content\/uploads\/2025\/11\/Lapio_Plastic-459_blue_Web.jpg\",\"contentUrl\":\"https:\/\/wiitta.fi\/wp-content\/uploads\/2025\/11\/Lapio_Plastic-459_blue_Web.jpg\",\"width\":835,\"height\":768},{\"@type\":\"BreadcrumbList\",\"@id\":\"https:\/\/wiitta.fi\/tuote\/lasten-lumikola-443\/#breadcrumb\",\"itemListElement\":[{\"@type\":\"ListItem\",\"position\":1,\"name\":\"Etusivu\",\"item\":\"https:\/\/wiitta.fi\/de\/hauptseite\/\"},{\"@type\":\"ListItem\",\"position\":2,\"name\":\"Kauppa\",\"item\":\"https:\/\/wiitta.fi\/kauppa\/\"},{\"@type\":\"ListItem\",\"position\":3,\"name\":\"Lasten lumikola 443\"}]},{\"@type\":\"WebSite\",\"@id\":\"https:\/\/wiitta.fi\/#website\",\"url\":\"https:\/\/wiitta.fi\/\",\"name\":\"Wiitta \u2764\",\"description\":\"Rakkaudesta muoviin\",\"publisher\":{\"@id\":\"https:\/\/wiitta.fi\/#organization\"},\"potentialAction\":[{\"@type\":\"SearchAction\",\"target\":{\"@type\":\"EntryPoint\",\"urlTemplate\":\"https:\/\/wiitta.fi\/?s={search_term_string}\"},\"query-input\":{\"@type\":\"PropertyValueSpecification\",\"valueRequired\":true,\"valueName\":\"search_term_string\"}}],\"inLanguage\":\"de\"},{\"@type\":\"Organization\",\"@id\":\"https:\/\/wiitta.fi\/#organization\",\"name\":\"Wiitta \u2764\",\"url\":\"https:\/\/wiitta.fi\/\",\"logo\":{\"@type\":\"ImageObject\",\"inLanguage\":\"de\",\"@id\":\"https:\/\/wiitta.fi\/#\/schema\/logo\/image\/\",\"url\":\"https:\/\/wiitta.fi\/wp-content\/uploads\/2024\/09\/wiitta_logo-Copy.svg\",\"contentUrl\":\"https:\/\/wiitta.fi\/wp-content\/uploads\/2024\/09\/wiitta_logo-Copy.svg\",\"width\":1,\"height\":1,\"caption\":\"Wiitta \u2764\"},\"image\":{\"@id\":\"https:\/\/wiitta.fi\/#\/schema\/logo\/image\/\"}}]}<\/script>\n<!-- \/ Yoast SEO plugin. -->","yoast_head_json":{"title":"Lasten lumikola 443 - Wiitta &#10084;","description":"Kest\u00e4v\u00e4 kotimainen lasten lumikola alumiinik\u00e4rjell\u00e4. HD-PE-muovinen kuuppa kest\u00e4\u00e4 pakkasta. Avainlipputuote, testattu EN 71-1 -standardin mukaan.","robots":{"index":"index","follow":"follow","max-snippet":"max-snippet:-1","max-image-preview":"max-image-preview:large","max-video-preview":"max-video-preview:-1"},"canonical":"https:\/\/wiitta.fi\/tuote\/lasten-lumikola-443\/","og_locale":"de_DE","og_type":"article","og_title":"Lasten lumikola 443 - Wiitta &#10084;","og_description":"Kest\u00e4v\u00e4 kotimainen lasten lumikola alumiinik\u00e4rjell\u00e4. HD-PE-muovinen kuuppa kest\u00e4\u00e4 pakkasta. Avainlipputuote, testattu EN 71-1 -standardin mukaan.","og_url":"https:\/\/wiitta.fi\/tuote\/lasten-lumikola-443\/","og_site_name":"Wiitta &#10084;","article_modified_time":"2026-01-09T12:43:18+00:00","og_image":[{"width":835,"height":768,"url":"https:\/\/wiitta.fi\/wp-content\/uploads\/2025\/11\/Lapio_Plastic-459_blue_Web.jpg","type":"image\/jpeg"}],"twitter_card":"summary_large_image","twitter_misc":{"Gesch\u00e4tzte Lesezeit":"1\u00a0Minute"},"schema":{"@context":"https:\/\/schema.org","@graph":[{"@type":"WebPage","@id":"https:\/\/wiitta.fi\/tuote\/lasten-lumikola-443\/","url":"https:\/\/wiitta.fi\/tuote\/lasten-lumikola-443\/","name":"Lasten lumikola 443 - Wiitta &#10084;","isPartOf":{"@id":"https:\/\/wiitta.fi\/#website"},"primaryImageOfPage":{"@id":"https:\/\/wiitta.fi\/tuote\/lasten-lumikola-443\/#primaryimage"},"image":{"@id":"https:\/\/wiitta.fi\/tuote\/lasten-lumikola-443\/#primaryimage"},"thumbnailUrl":"https:\/\/wiitta.fi\/wp-content\/uploads\/2025\/11\/Lapio_Plastic-459_blue_Web.jpg","datePublished":"2025-11-20T15:39:15+00:00","dateModified":"2026-01-09T12:43:18+00:00","description":"Kest\u00e4v\u00e4 kotimainen lasten lumikola alumiinik\u00e4rjell\u00e4. HD-PE-muovinen kuuppa kest\u00e4\u00e4 pakkasta. Avainlipputuote, testattu EN 71-1 -standardin mukaan.","breadcrumb":{"@id":"https:\/\/wiitta.fi\/tuote\/lasten-lumikola-443\/#breadcrumb"},"inLanguage":"de","potentialAction":[{"@type":"ReadAction","target":["https:\/\/wiitta.fi\/tuote\/lasten-lumikola-443\/"]}]},{"@type":"ImageObject","inLanguage":"de","@id":"https:\/\/wiitta.fi\/tuote\/lasten-lumikola-443\/#primaryimage","url":"https:\/\/wiitta.fi\/wp-content\/uploads\/2025\/11\/Lapio_Plastic-459_blue_Web.jpg","contentUrl":"https:\/\/wiitta.fi\/wp-content\/uploads\/2025\/11\/Lapio_Plastic-459_blue_Web.jpg","width":835,"height":768},{"@type":"BreadcrumbList","@id":"https:\/\/wiitta.fi\/tuote\/lasten-lumikola-443\/#breadcrumb","itemListElement":[{"@type":"ListItem","position":1,"name":"Etusivu","item":"https:\/\/wiitta.fi\/de\/hauptseite\/"},{"@type":"ListItem","position":2,"name":"Kauppa","item":"https:\/\/wiitta.fi\/kauppa\/"},{"@type":"ListItem","position":3,"name":"Lasten lumikola 443"}]},{"@type":"WebSite","@id":"https:\/\/wiitta.fi\/#website","url":"https:\/\/wiitta.fi\/","name":"Wiitta \u2764","description":"Rakkaudesta muoviin","publisher":{"@id":"https:\/\/wiitta.fi\/#organization"},"potentialAction":[{"@type":"SearchAction","target":{"@type":"EntryPoint","urlTemplate":"https:\/\/wiitta.fi\/?s={search_term_string}"},"query-input":{"@type":"PropertyValueSpecification","valueRequired":true,"valueName":"search_term_string"}}],"inLanguage":"de"},{"@type":"Organization","@id":"https:\/\/wiitta.fi\/#organization","name":"Wiitta \u2764","url":"https:\/\/wiitta.fi\/","logo":{"@type":"ImageObject","inLanguage":"de","@id":"https:\/\/wiitta.fi\/#\/schema\/logo\/image\/","url":"https:\/\/wiitta.fi\/wp-content\/uploads\/2024\/09\/wiitta_logo-Copy.svg","contentUrl":"https:\/\/wiitta.fi\/wp-content\/uploads\/2024\/09\/wiitta_logo-Copy.svg","width":1,"height":1,"caption":"Wiitta \u2764"},"image":{"@id":"https:\/\/wiitta.fi\/#\/schema\/logo\/image\/"}}]}},"_links":{"self":[{"href":"https:\/\/wiitta.fi\/de\/wp-json\/wp\/v2\/product\/2990","targetHints":{"allow":["GET"]}}],"collection":[{"href":"https:\/\/wiitta.fi\/de\/wp-json\/wp\/v2\/product"}],"about":[{"href":"https:\/\/wiitta.fi\/de\/wp-json\/wp\/v2\/types\/product"}],"replies":[{"embeddable":true,"href":"https:\/\/wiitta.fi\/de\/wp-json\/wp\/v2\/comments?post=2990"}],"wp:featuredmedia":[{"embeddable":true,"href":"https:\/\/wiitta.fi\/de\/wp-json\/wp\/v2\/media\/3056"}],"wp:attachment":[{"href":"https:\/\/wiitta.fi\/de\/wp-json\/wp\/v2\/media?parent=2990"}],"wp:term":[{"taxonomy":"product_brand","embeddable":true,"href":"https:\/\/wiitta.fi\/de\/wp-json\/wp\/v2\/product_brand?post=2990"},{"taxonomy":"product_cat","embeddable":true,"href":"https:\/\/wiitta.fi\/de\/wp-json\/wp\/v2\/product_cat?post=2990"},{"taxonomy":"product_tag","embeddable":true,"href":"https:\/\/wiitta.fi\/de\/wp-json\/wp\/v2\/product_tag?post=2990"}],"curies":[{"name":"wp","href":"https:\/\/api.w.org\/{rel}","templated":true}]}}