{"id":2870,"date":"2025-11-18T11:48:46","date_gmt":"2025-11-18T09:48:46","guid":{"rendered":"https:\/\/wiitta.fi\/?post_type=product&#038;p=2870"},"modified":"2026-01-09T14:59:34","modified_gmt":"2026-01-09T12:59:34","slug":"classic-455","status":"publish","type":"product","link":"https:\/\/wiitta.fi\/en\/tuote\/classic-455\/","title":{"rendered":"Classic 455"},"content":{"rendered":"<h1>Classic 455<\/h1>\n<p>Klassinen suomalainen pulkka, joka on ilahduttanut sukupolvia jo vuodesta 1966!<\/p>\n<p>Laadukkaasti Suomessa valmistettu ja Avainlipulla varustettu pulkka. Varma valinta talven m\u00e4enlaskun iloihin.<br \/>\nMukana vetonaru, ergonominen kahva ja selke\u00e4t k\u00e4ytt\u00f6ohjeet.\u00a0 Tuote on testattu EN 71-1 -standardin mukaisesti. Pakkaus sis\u00e4lt\u00e4\u00e4 vetonarun, kahvan ja selke\u00e4t k\u00e4ytt\u00f6ohjeet.<\/p>\n<p>&nbsp;<\/p>\n","protected":false},"excerpt":{"rendered":"<p>Klassinen suomalainen pulkka vuodesta 1966. Kest\u00e4v\u00e4 ja turvallinen valinta talven m\u00e4enlaskuun. Sopii sek\u00e4 lapsille ett\u00e4 aikuisille, ja mukana tulee vetonaru, ergonominen kahva sek\u00e4 selke\u00e4t k\u00e4ytt\u00f6ohjeet. Suomessa valmistettu Avainlipulla merkitty tuote, testattu EN 71-1 -standardin mukaisesti.<img loading=\"lazy\" decoding=\"async\" class=\"alignright wp-image-2887\" src=\"https:\/\/wiitta.fi\/wp-content\/uploads\/2025\/11\/Untitled-design-26.png\" alt=\"\" width=\"138\" height=\"138\" srcset=\"https:\/\/wiitta.fi\/wp-content\/uploads\/2025\/11\/Untitled-design-26.png 591w, https:\/\/wiitta.fi\/wp-content\/uploads\/2025\/11\/Untitled-design-26-450x450.png 450w, https:\/\/wiitta.fi\/wp-content\/uploads\/2025\/11\/Untitled-design-26-300x300.png 300w, https:\/\/wiitta.fi\/wp-content\/uploads\/2025\/11\/Untitled-design-26-100x100.png 100w\" sizes=\"auto, (max-width: 138px) 100vw, 138px\" \/><\/p>\n","protected":false},"featured_media":2879,"comment_status":"closed","ping_status":"closed","template":"","meta":{"_acf_changed":false},"product_brand":[],"product_cat":[280],"product_tag":[276,297,298,296,290,293,273,285,286,288,278,291,272,271,289,292,294,287,295,274,275],"class_list":{"0":"post-2870","1":"product","2":"type-product","3":"status-publish","4":"has-post-thumbnail","6":"product_cat-pulkat","7":"product_tag-ahkio","8":"product_tag-avainlippu","9":"product_tag-avainlipputuote","10":"product_tag-kestava-pulkka","11":"product_tag-klassinen-pulkka","12":"product_tag-kotimainen-pulkka","13":"product_tag-lasten-pulkka","14":"product_tag-liukuri","15":"product_tag-liukurit","16":"product_tag-lumileluja-lapsille","17":"product_tag-lumilelut","18":"product_tag-perinnepulkka","19":"product_tag-pulkat","20":"product_tag-pulkka","21":"product_tag-pulkkamaki","22":"product_tag-retropulkka","23":"product_tag-suomessa-valmistettu-pulkka","24":"product_tag-talvilelut","25":"product_tag-vastuullinen","26":"product_tag-vauvan-pulkka","27":"product_tag-vauvapulkka","29":"first","30":"instock","31":"shipping-taxable","32":"purchasable","33":"product-type-variable"},"acf":[],"yoast_head":"<!-- This site is optimized with the Yoast SEO plugin v26.3 - https:\/\/yoast.com\/wordpress\/plugins\/seo\/ -->\n<title>Classic 455 - Wiitta &#10084;<\/title>\n<meta name=\"description\" content=\"Klassinen suomalainen pulkka vuodesta 1966. Kest\u00e4v\u00e4, turvallinen ja Avainlipulla merkitty. Sopii koko perheelle, heti valmis m\u00e4keen.\" \/>\n<meta name=\"robots\" content=\"index, follow, max-snippet:-1, max-image-preview:large, max-video-preview:-1\" \/>\n<link rel=\"canonical\" href=\"https:\/\/wiitta.fi\/tuote\/classic-455\/\" \/>\n<meta property=\"og:locale\" content=\"en_US\" \/>\n<meta property=\"og:type\" content=\"article\" \/>\n<meta property=\"og:title\" content=\"Classic 455 - Wiitta &#10084;\" \/>\n<meta property=\"og:description\" content=\"Klassinen suomalainen pulkka vuodesta 1966. Kest\u00e4v\u00e4, turvallinen ja Avainlipulla merkitty. Sopii koko perheelle, heti valmis m\u00e4keen.\" \/>\n<meta property=\"og:url\" content=\"https:\/\/wiitta.fi\/tuote\/classic-455\/\" \/>\n<meta property=\"og:site_name\" content=\"Wiitta &#10084;\" \/>\n<meta property=\"article:modified_time\" content=\"2026-01-09T12:59:34+00:00\" \/>\n<meta property=\"og:image\" content=\"https:\/\/wiitta.fi\/wp-content\/uploads\/2025\/11\/Classic-455_laventeli_web-6430079165548-e1763459110764.png\" \/>\n\t<meta property=\"og:image:width\" content=\"1013\" \/>\n\t<meta property=\"og:image:height\" content=\"676\" \/>\n\t<meta property=\"og:image:type\" content=\"image\/png\" \/>\n<meta name=\"twitter:card\" content=\"summary_large_image\" \/>\n<meta name=\"twitter:label1\" content=\"Est. reading time\" \/>\n\t<meta name=\"twitter:data1\" content=\"1 minute\" \/>\n<script type=\"application\/ld+json\" class=\"yoast-schema-graph\">{\"@context\":\"https:\/\/schema.org\",\"@graph\":[{\"@type\":\"WebPage\",\"@id\":\"https:\/\/wiitta.fi\/tuote\/classic-455\/\",\"url\":\"https:\/\/wiitta.fi\/tuote\/classic-455\/\",\"name\":\"Classic 455 - Wiitta &#10084;\",\"isPartOf\":{\"@id\":\"https:\/\/wiitta.fi\/#website\"},\"primaryImageOfPage\":{\"@id\":\"https:\/\/wiitta.fi\/tuote\/classic-455\/#primaryimage\"},\"image\":{\"@id\":\"https:\/\/wiitta.fi\/tuote\/classic-455\/#primaryimage\"},\"thumbnailUrl\":\"https:\/\/wiitta.fi\/wp-content\/uploads\/2025\/11\/Classic-455_laventeli_web-6430079165548-e1763459110764.png\",\"datePublished\":\"2025-11-18T09:48:46+00:00\",\"dateModified\":\"2026-01-09T12:59:34+00:00\",\"description\":\"Klassinen suomalainen pulkka vuodesta 1966. Kest\u00e4v\u00e4, turvallinen ja Avainlipulla merkitty. Sopii koko perheelle, heti valmis m\u00e4keen.\",\"breadcrumb\":{\"@id\":\"https:\/\/wiitta.fi\/tuote\/classic-455\/#breadcrumb\"},\"inLanguage\":\"en-US\",\"potentialAction\":[{\"@type\":\"ReadAction\",\"target\":[\"https:\/\/wiitta.fi\/tuote\/classic-455\/\"]}]},{\"@type\":\"ImageObject\",\"inLanguage\":\"en-US\",\"@id\":\"https:\/\/wiitta.fi\/tuote\/classic-455\/#primaryimage\",\"url\":\"https:\/\/wiitta.fi\/wp-content\/uploads\/2025\/11\/Classic-455_laventeli_web-6430079165548-e1763459110764.png\",\"contentUrl\":\"https:\/\/wiitta.fi\/wp-content\/uploads\/2025\/11\/Classic-455_laventeli_web-6430079165548-e1763459110764.png\",\"width\":1013,\"height\":676},{\"@type\":\"BreadcrumbList\",\"@id\":\"https:\/\/wiitta.fi\/tuote\/classic-455\/#breadcrumb\",\"itemListElement\":[{\"@type\":\"ListItem\",\"position\":1,\"name\":\"Etusivu\",\"item\":\"https:\/\/wiitta.fi\/en\/home-page\/\"},{\"@type\":\"ListItem\",\"position\":2,\"name\":\"Kauppa\",\"item\":\"https:\/\/wiitta.fi\/kauppa\/\"},{\"@type\":\"ListItem\",\"position\":3,\"name\":\"Classic 455\"}]},{\"@type\":\"WebSite\",\"@id\":\"https:\/\/wiitta.fi\/#website\",\"url\":\"https:\/\/wiitta.fi\/\",\"name\":\"Wiitta \u2764\",\"description\":\"Rakkaudesta muoviin\",\"publisher\":{\"@id\":\"https:\/\/wiitta.fi\/#organization\"},\"potentialAction\":[{\"@type\":\"SearchAction\",\"target\":{\"@type\":\"EntryPoint\",\"urlTemplate\":\"https:\/\/wiitta.fi\/?s={search_term_string}\"},\"query-input\":{\"@type\":\"PropertyValueSpecification\",\"valueRequired\":true,\"valueName\":\"search_term_string\"}}],\"inLanguage\":\"en-US\"},{\"@type\":\"Organization\",\"@id\":\"https:\/\/wiitta.fi\/#organization\",\"name\":\"Wiitta \u2764\",\"url\":\"https:\/\/wiitta.fi\/\",\"logo\":{\"@type\":\"ImageObject\",\"inLanguage\":\"en-US\",\"@id\":\"https:\/\/wiitta.fi\/#\/schema\/logo\/image\/\",\"url\":\"https:\/\/wiitta.fi\/wp-content\/uploads\/2024\/09\/wiitta_logo-Copy.svg\",\"contentUrl\":\"https:\/\/wiitta.fi\/wp-content\/uploads\/2024\/09\/wiitta_logo-Copy.svg\",\"width\":1,\"height\":1,\"caption\":\"Wiitta \u2764\"},\"image\":{\"@id\":\"https:\/\/wiitta.fi\/#\/schema\/logo\/image\/\"}}]}<\/script>\n<!-- \/ Yoast SEO plugin. -->","yoast_head_json":{"title":"Classic 455 - Wiitta &#10084;","description":"Klassinen suomalainen pulkka vuodesta 1966. Kest\u00e4v\u00e4, turvallinen ja Avainlipulla merkitty. Sopii koko perheelle, heti valmis m\u00e4keen.","robots":{"index":"index","follow":"follow","max-snippet":"max-snippet:-1","max-image-preview":"max-image-preview:large","max-video-preview":"max-video-preview:-1"},"canonical":"https:\/\/wiitta.fi\/tuote\/classic-455\/","og_locale":"en_US","og_type":"article","og_title":"Classic 455 - Wiitta &#10084;","og_description":"Klassinen suomalainen pulkka vuodesta 1966. Kest\u00e4v\u00e4, turvallinen ja Avainlipulla merkitty. Sopii koko perheelle, heti valmis m\u00e4keen.","og_url":"https:\/\/wiitta.fi\/tuote\/classic-455\/","og_site_name":"Wiitta &#10084;","article_modified_time":"2026-01-09T12:59:34+00:00","og_image":[{"width":1013,"height":676,"url":"https:\/\/wiitta.fi\/wp-content\/uploads\/2025\/11\/Classic-455_laventeli_web-6430079165548-e1763459110764.png","type":"image\/png"}],"twitter_card":"summary_large_image","twitter_misc":{"Est. reading time":"1 minute"},"schema":{"@context":"https:\/\/schema.org","@graph":[{"@type":"WebPage","@id":"https:\/\/wiitta.fi\/tuote\/classic-455\/","url":"https:\/\/wiitta.fi\/tuote\/classic-455\/","name":"Classic 455 - Wiitta &#10084;","isPartOf":{"@id":"https:\/\/wiitta.fi\/#website"},"primaryImageOfPage":{"@id":"https:\/\/wiitta.fi\/tuote\/classic-455\/#primaryimage"},"image":{"@id":"https:\/\/wiitta.fi\/tuote\/classic-455\/#primaryimage"},"thumbnailUrl":"https:\/\/wiitta.fi\/wp-content\/uploads\/2025\/11\/Classic-455_laventeli_web-6430079165548-e1763459110764.png","datePublished":"2025-11-18T09:48:46+00:00","dateModified":"2026-01-09T12:59:34+00:00","description":"Klassinen suomalainen pulkka vuodesta 1966. Kest\u00e4v\u00e4, turvallinen ja Avainlipulla merkitty. Sopii koko perheelle, heti valmis m\u00e4keen.","breadcrumb":{"@id":"https:\/\/wiitta.fi\/tuote\/classic-455\/#breadcrumb"},"inLanguage":"en-US","potentialAction":[{"@type":"ReadAction","target":["https:\/\/wiitta.fi\/tuote\/classic-455\/"]}]},{"@type":"ImageObject","inLanguage":"en-US","@id":"https:\/\/wiitta.fi\/tuote\/classic-455\/#primaryimage","url":"https:\/\/wiitta.fi\/wp-content\/uploads\/2025\/11\/Classic-455_laventeli_web-6430079165548-e1763459110764.png","contentUrl":"https:\/\/wiitta.fi\/wp-content\/uploads\/2025\/11\/Classic-455_laventeli_web-6430079165548-e1763459110764.png","width":1013,"height":676},{"@type":"BreadcrumbList","@id":"https:\/\/wiitta.fi\/tuote\/classic-455\/#breadcrumb","itemListElement":[{"@type":"ListItem","position":1,"name":"Etusivu","item":"https:\/\/wiitta.fi\/en\/home-page\/"},{"@type":"ListItem","position":2,"name":"Kauppa","item":"https:\/\/wiitta.fi\/kauppa\/"},{"@type":"ListItem","position":3,"name":"Classic 455"}]},{"@type":"WebSite","@id":"https:\/\/wiitta.fi\/#website","url":"https:\/\/wiitta.fi\/","name":"Wiitta \u2764","description":"Rakkaudesta muoviin","publisher":{"@id":"https:\/\/wiitta.fi\/#organization"},"potentialAction":[{"@type":"SearchAction","target":{"@type":"EntryPoint","urlTemplate":"https:\/\/wiitta.fi\/?s={search_term_string}"},"query-input":{"@type":"PropertyValueSpecification","valueRequired":true,"valueName":"search_term_string"}}],"inLanguage":"en-US"},{"@type":"Organization","@id":"https:\/\/wiitta.fi\/#organization","name":"Wiitta \u2764","url":"https:\/\/wiitta.fi\/","logo":{"@type":"ImageObject","inLanguage":"en-US","@id":"https:\/\/wiitta.fi\/#\/schema\/logo\/image\/","url":"https:\/\/wiitta.fi\/wp-content\/uploads\/2024\/09\/wiitta_logo-Copy.svg","contentUrl":"https:\/\/wiitta.fi\/wp-content\/uploads\/2024\/09\/wiitta_logo-Copy.svg","width":1,"height":1,"caption":"Wiitta \u2764"},"image":{"@id":"https:\/\/wiitta.fi\/#\/schema\/logo\/image\/"}}]}},"_links":{"self":[{"href":"https:\/\/wiitta.fi\/en\/wp-json\/wp\/v2\/product\/2870","targetHints":{"allow":["GET"]}}],"collection":[{"href":"https:\/\/wiitta.fi\/en\/wp-json\/wp\/v2\/product"}],"about":[{"href":"https:\/\/wiitta.fi\/en\/wp-json\/wp\/v2\/types\/product"}],"replies":[{"embeddable":true,"href":"https:\/\/wiitta.fi\/en\/wp-json\/wp\/v2\/comments?post=2870"}],"wp:featuredmedia":[{"embeddable":true,"href":"https:\/\/wiitta.fi\/en\/wp-json\/wp\/v2\/media\/2879"}],"wp:attachment":[{"href":"https:\/\/wiitta.fi\/en\/wp-json\/wp\/v2\/media?parent=2870"}],"wp:term":[{"taxonomy":"product_brand","embeddable":true,"href":"https:\/\/wiitta.fi\/en\/wp-json\/wp\/v2\/product_brand?post=2870"},{"taxonomy":"product_cat","embeddable":true,"href":"https:\/\/wiitta.fi\/en\/wp-json\/wp\/v2\/product_cat?post=2870"},{"taxonomy":"product_tag","embeddable":true,"href":"https:\/\/wiitta.fi\/en\/wp-json\/wp\/v2\/product_tag?post=2870"}],"curies":[{"name":"wp","href":"https:\/\/api.w.org\/{rel}","templated":true}]}}