{"id":3424,"date":"2026-01-05T14:19:21","date_gmt":"2026-01-05T12:19:21","guid":{"rendered":"https:\/\/wiitta.fi\/?post_type=product&#038;p=3424"},"modified":"2026-01-15T16:40:04","modified_gmt":"2026-01-15T14:40:04","slug":"muhvihaara","status":"publish","type":"product","link":"https:\/\/wiitta.fi\/en\/tuote\/muhvihaara\/","title":{"rendered":"Muhvihaarat"},"content":{"rendered":"<h1>MUHVIHAARAT<\/h1>\n<p>Viem\u00e4riputken muhvihaarayhde kiinteist\u00f6viem\u00e4r\u00f6intiin. Muhvihaarayhteet on valmistettu kest\u00e4v\u00e4st\u00e4 PP-kopolymeerimuovista ja varustettu laadukkaalla EPDM-tiivisteell\u00e4, joka varmistaa tiiveyden ja pitk\u00e4ik\u00e4isyyden.<\/p>\n<p>Tuotteet on valmistettu eurooppalaisten standardien <strong data-start=\"679\" data-end=\"692\">EN 1451-1<\/strong> ja <strong data-start=\"696\" data-end=\"709\">EN 1852-1<\/strong> mukaisesti. Muhvihaaroilla on <strong data-start=\"739\" data-end=\"759\">Nordic Poly Mark<\/strong>, mik\u00e4 osoittaa tuotteiden t\u00e4ytt\u00e4v\u00e4n pohjoismaiset laatu- ja turvallisuusvaatimukset. Yhteet on suunniteltu pitk\u00e4aikaiseen ja vaativaan ammattik\u00e4ytt\u00f6\u00f6n talotekniikan viem\u00e4rij\u00e4rjestelmiss\u00e4.<\/p>\n","protected":false},"excerpt":{"rendered":"","protected":false},"featured_media":3425,"comment_status":"closed","ping_status":"closed","template":"","meta":{"_acf_changed":false},"product_brand":[],"product_cat":[56],"product_tag":[386,393,397,385,387,389,423,424,384,396,394,383,378,379,377,391,395,388,392,390,380,376,381,382],"class_list":{"0":"post-3424","1":"product","2":"type-product","3":"status-publish","4":"has-post-thumbnail","6":"product_cat-muhvihaarat","7":"product_tag-epdm-tiiviste-viemariputkissa","8":"product_tag-helppo-asennus-viemariputkille","9":"product_tag-kotimainen","10":"product_tag-kumitiivisteellinen-putkiyhteys","11":"product_tag-liukuliitin-viemariputkelle","12":"product_tag-lvi-putkiyhteet","13":"product_tag-muhvihaara","14":"product_tag-muhvihaarat","15":"product_tag-muoviset-viemariputken-liittimet","16":"product_tag-nordic-poly-mark","17":"product_tag-pitkaikaiset-putkiyhteet","18":"product_tag-pp-viemariputken-liittimet","19":"product_tag-putkiyhde","20":"product_tag-putkiyhteet","21":"product_tag-putkiyhteet-viemariin","22":"product_tag-rakennusten-viemariputkiliitokset","23":"product_tag-suomalaiset-viemariputkiliittimet","24":"product_tag-talotekniikan-viemariputkiyhteet","25":"product_tag-tiivis-viemariputkiliitos","26":"product_tag-viemarijarjestelmien-liitososat","27":"product_tag-viemariputken-liittimet","28":"product_tag-viemariputken-putkiyhteet","29":"product_tag-viemariputkien-liitososat","30":"product_tag-viemariputkiliittimet","32":"first","33":"instock","34":"shipping-taxable","35":"purchasable","36":"product-type-variable"},"acf":[],"yoast_head":"<!-- This site is optimized with the Yoast SEO plugin v26.3 - https:\/\/yoast.com\/wordpress\/plugins\/seo\/ -->\n<title>Muhvihaarat - Wiitta &#10084;<\/title>\n<meta name=\"description\" content=\"Viem\u00e4riputken muhvihaarayhde kiinteist\u00f6viem\u00e4r\u00f6intiin. Muhvihaarayhteet on valmistettu kest\u00e4v\u00e4st\u00e4 PP-kopolymeerimuovista ja varustettu laadukkaalla EPDM-tiivisteell\u00e4, joka varmistaa tiiveyden ja pitk\u00e4ik\u00e4isyyden.\" \/>\n<meta name=\"robots\" content=\"index, follow, max-snippet:-1, max-image-preview:large, max-video-preview:-1\" \/>\n<link rel=\"canonical\" href=\"https:\/\/wiitta.fi\/tuote\/muhvihaara\/\" \/>\n<meta property=\"og:locale\" content=\"en_US\" \/>\n<meta property=\"og:type\" content=\"article\" \/>\n<meta property=\"og:title\" content=\"Muhvihaarat - Wiitta &#10084;\" \/>\n<meta property=\"og:description\" content=\"Viem\u00e4riputken muhvihaarayhde kiinteist\u00f6viem\u00e4r\u00f6intiin. Muhvihaarayhteet on valmistettu kest\u00e4v\u00e4st\u00e4 PP-kopolymeerimuovista ja varustettu laadukkaalla EPDM-tiivisteell\u00e4, joka varmistaa tiiveyden ja pitk\u00e4ik\u00e4isyyden.\" \/>\n<meta property=\"og:url\" content=\"https:\/\/wiitta.fi\/tuote\/muhvihaara\/\" \/>\n<meta property=\"og:site_name\" content=\"Wiitta &#10084;\" \/>\n<meta property=\"article:modified_time\" content=\"2026-01-15T14:40:04+00:00\" \/>\n<meta property=\"og:image\" content=\"https:\/\/wiitta.fi\/wp-content\/uploads\/2026\/01\/317-muhvihaara_110110x90_pyoristetty.png\" \/>\n\t<meta property=\"og:image:width\" content=\"600\" \/>\n\t<meta property=\"og:image:height\" content=\"480\" \/>\n\t<meta property=\"og:image:type\" content=\"image\/png\" \/>\n<meta name=\"twitter:card\" content=\"summary_large_image\" \/>\n<meta name=\"twitter:label1\" content=\"Est. reading time\" \/>\n\t<meta name=\"twitter:data1\" content=\"1 minute\" \/>\n<script type=\"application\/ld+json\" class=\"yoast-schema-graph\">{\"@context\":\"https:\/\/schema.org\",\"@graph\":[{\"@type\":\"WebPage\",\"@id\":\"https:\/\/wiitta.fi\/tuote\/muhvihaara\/\",\"url\":\"https:\/\/wiitta.fi\/tuote\/muhvihaara\/\",\"name\":\"Muhvihaarat - Wiitta &#10084;\",\"isPartOf\":{\"@id\":\"https:\/\/wiitta.fi\/#website\"},\"primaryImageOfPage\":{\"@id\":\"https:\/\/wiitta.fi\/tuote\/muhvihaara\/#primaryimage\"},\"image\":{\"@id\":\"https:\/\/wiitta.fi\/tuote\/muhvihaara\/#primaryimage\"},\"thumbnailUrl\":\"https:\/\/wiitta.fi\/wp-content\/uploads\/2026\/01\/317-muhvihaara_110110x90_pyoristetty.png\",\"datePublished\":\"2026-01-05T12:19:21+00:00\",\"dateModified\":\"2026-01-15T14:40:04+00:00\",\"description\":\"Viem\u00e4riputken muhvihaarayhde kiinteist\u00f6viem\u00e4r\u00f6intiin. Muhvihaarayhteet on valmistettu kest\u00e4v\u00e4st\u00e4 PP-kopolymeerimuovista ja varustettu laadukkaalla EPDM-tiivisteell\u00e4, joka varmistaa tiiveyden ja pitk\u00e4ik\u00e4isyyden.\",\"breadcrumb\":{\"@id\":\"https:\/\/wiitta.fi\/tuote\/muhvihaara\/#breadcrumb\"},\"inLanguage\":\"en-US\",\"potentialAction\":[{\"@type\":\"ReadAction\",\"target\":[\"https:\/\/wiitta.fi\/tuote\/muhvihaara\/\"]}]},{\"@type\":\"ImageObject\",\"inLanguage\":\"en-US\",\"@id\":\"https:\/\/wiitta.fi\/tuote\/muhvihaara\/#primaryimage\",\"url\":\"https:\/\/wiitta.fi\/wp-content\/uploads\/2026\/01\/317-muhvihaara_110110x90_pyoristetty.png\",\"contentUrl\":\"https:\/\/wiitta.fi\/wp-content\/uploads\/2026\/01\/317-muhvihaara_110110x90_pyoristetty.png\",\"width\":600,\"height\":480},{\"@type\":\"BreadcrumbList\",\"@id\":\"https:\/\/wiitta.fi\/tuote\/muhvihaara\/#breadcrumb\",\"itemListElement\":[{\"@type\":\"ListItem\",\"position\":1,\"name\":\"Etusivu\",\"item\":\"https:\/\/wiitta.fi\/en\/home-page\/\"},{\"@type\":\"ListItem\",\"position\":2,\"name\":\"Kauppa\",\"item\":\"https:\/\/wiitta.fi\/kauppa\/\"},{\"@type\":\"ListItem\",\"position\":3,\"name\":\"Muhvihaarat\"}]},{\"@type\":\"WebSite\",\"@id\":\"https:\/\/wiitta.fi\/#website\",\"url\":\"https:\/\/wiitta.fi\/\",\"name\":\"Wiitta \u2764\",\"description\":\"Rakkaudesta muoviin\",\"publisher\":{\"@id\":\"https:\/\/wiitta.fi\/#organization\"},\"potentialAction\":[{\"@type\":\"SearchAction\",\"target\":{\"@type\":\"EntryPoint\",\"urlTemplate\":\"https:\/\/wiitta.fi\/?s={search_term_string}\"},\"query-input\":{\"@type\":\"PropertyValueSpecification\",\"valueRequired\":true,\"valueName\":\"search_term_string\"}}],\"inLanguage\":\"en-US\"},{\"@type\":\"Organization\",\"@id\":\"https:\/\/wiitta.fi\/#organization\",\"name\":\"Wiitta \u2764\",\"url\":\"https:\/\/wiitta.fi\/\",\"logo\":{\"@type\":\"ImageObject\",\"inLanguage\":\"en-US\",\"@id\":\"https:\/\/wiitta.fi\/#\/schema\/logo\/image\/\",\"url\":\"https:\/\/wiitta.fi\/wp-content\/uploads\/2024\/09\/wiitta_logo-Copy.svg\",\"contentUrl\":\"https:\/\/wiitta.fi\/wp-content\/uploads\/2024\/09\/wiitta_logo-Copy.svg\",\"width\":1,\"height\":1,\"caption\":\"Wiitta \u2764\"},\"image\":{\"@id\":\"https:\/\/wiitta.fi\/#\/schema\/logo\/image\/\"}}]}<\/script>\n<!-- \/ Yoast SEO plugin. -->","yoast_head_json":{"title":"Muhvihaarat - Wiitta &#10084;","description":"Viem\u00e4riputken muhvihaarayhde kiinteist\u00f6viem\u00e4r\u00f6intiin. Muhvihaarayhteet on valmistettu kest\u00e4v\u00e4st\u00e4 PP-kopolymeerimuovista ja varustettu laadukkaalla EPDM-tiivisteell\u00e4, joka varmistaa tiiveyden ja pitk\u00e4ik\u00e4isyyden.","robots":{"index":"index","follow":"follow","max-snippet":"max-snippet:-1","max-image-preview":"max-image-preview:large","max-video-preview":"max-video-preview:-1"},"canonical":"https:\/\/wiitta.fi\/tuote\/muhvihaara\/","og_locale":"en_US","og_type":"article","og_title":"Muhvihaarat - Wiitta &#10084;","og_description":"Viem\u00e4riputken muhvihaarayhde kiinteist\u00f6viem\u00e4r\u00f6intiin. Muhvihaarayhteet on valmistettu kest\u00e4v\u00e4st\u00e4 PP-kopolymeerimuovista ja varustettu laadukkaalla EPDM-tiivisteell\u00e4, joka varmistaa tiiveyden ja pitk\u00e4ik\u00e4isyyden.","og_url":"https:\/\/wiitta.fi\/tuote\/muhvihaara\/","og_site_name":"Wiitta &#10084;","article_modified_time":"2026-01-15T14:40:04+00:00","og_image":[{"width":600,"height":480,"url":"https:\/\/wiitta.fi\/wp-content\/uploads\/2026\/01\/317-muhvihaara_110110x90_pyoristetty.png","type":"image\/png"}],"twitter_card":"summary_large_image","twitter_misc":{"Est. reading time":"1 minute"},"schema":{"@context":"https:\/\/schema.org","@graph":[{"@type":"WebPage","@id":"https:\/\/wiitta.fi\/tuote\/muhvihaara\/","url":"https:\/\/wiitta.fi\/tuote\/muhvihaara\/","name":"Muhvihaarat - Wiitta &#10084;","isPartOf":{"@id":"https:\/\/wiitta.fi\/#website"},"primaryImageOfPage":{"@id":"https:\/\/wiitta.fi\/tuote\/muhvihaara\/#primaryimage"},"image":{"@id":"https:\/\/wiitta.fi\/tuote\/muhvihaara\/#primaryimage"},"thumbnailUrl":"https:\/\/wiitta.fi\/wp-content\/uploads\/2026\/01\/317-muhvihaara_110110x90_pyoristetty.png","datePublished":"2026-01-05T12:19:21+00:00","dateModified":"2026-01-15T14:40:04+00:00","description":"Viem\u00e4riputken muhvihaarayhde kiinteist\u00f6viem\u00e4r\u00f6intiin. Muhvihaarayhteet on valmistettu kest\u00e4v\u00e4st\u00e4 PP-kopolymeerimuovista ja varustettu laadukkaalla EPDM-tiivisteell\u00e4, joka varmistaa tiiveyden ja pitk\u00e4ik\u00e4isyyden.","breadcrumb":{"@id":"https:\/\/wiitta.fi\/tuote\/muhvihaara\/#breadcrumb"},"inLanguage":"en-US","potentialAction":[{"@type":"ReadAction","target":["https:\/\/wiitta.fi\/tuote\/muhvihaara\/"]}]},{"@type":"ImageObject","inLanguage":"en-US","@id":"https:\/\/wiitta.fi\/tuote\/muhvihaara\/#primaryimage","url":"https:\/\/wiitta.fi\/wp-content\/uploads\/2026\/01\/317-muhvihaara_110110x90_pyoristetty.png","contentUrl":"https:\/\/wiitta.fi\/wp-content\/uploads\/2026\/01\/317-muhvihaara_110110x90_pyoristetty.png","width":600,"height":480},{"@type":"BreadcrumbList","@id":"https:\/\/wiitta.fi\/tuote\/muhvihaara\/#breadcrumb","itemListElement":[{"@type":"ListItem","position":1,"name":"Etusivu","item":"https:\/\/wiitta.fi\/en\/home-page\/"},{"@type":"ListItem","position":2,"name":"Kauppa","item":"https:\/\/wiitta.fi\/kauppa\/"},{"@type":"ListItem","position":3,"name":"Muhvihaarat"}]},{"@type":"WebSite","@id":"https:\/\/wiitta.fi\/#website","url":"https:\/\/wiitta.fi\/","name":"Wiitta \u2764","description":"Rakkaudesta muoviin","publisher":{"@id":"https:\/\/wiitta.fi\/#organization"},"potentialAction":[{"@type":"SearchAction","target":{"@type":"EntryPoint","urlTemplate":"https:\/\/wiitta.fi\/?s={search_term_string}"},"query-input":{"@type":"PropertyValueSpecification","valueRequired":true,"valueName":"search_term_string"}}],"inLanguage":"en-US"},{"@type":"Organization","@id":"https:\/\/wiitta.fi\/#organization","name":"Wiitta \u2764","url":"https:\/\/wiitta.fi\/","logo":{"@type":"ImageObject","inLanguage":"en-US","@id":"https:\/\/wiitta.fi\/#\/schema\/logo\/image\/","url":"https:\/\/wiitta.fi\/wp-content\/uploads\/2024\/09\/wiitta_logo-Copy.svg","contentUrl":"https:\/\/wiitta.fi\/wp-content\/uploads\/2024\/09\/wiitta_logo-Copy.svg","width":1,"height":1,"caption":"Wiitta \u2764"},"image":{"@id":"https:\/\/wiitta.fi\/#\/schema\/logo\/image\/"}}]}},"_links":{"self":[{"href":"https:\/\/wiitta.fi\/en\/wp-json\/wp\/v2\/product\/3424","targetHints":{"allow":["GET"]}}],"collection":[{"href":"https:\/\/wiitta.fi\/en\/wp-json\/wp\/v2\/product"}],"about":[{"href":"https:\/\/wiitta.fi\/en\/wp-json\/wp\/v2\/types\/product"}],"replies":[{"embeddable":true,"href":"https:\/\/wiitta.fi\/en\/wp-json\/wp\/v2\/comments?post=3424"}],"wp:featuredmedia":[{"embeddable":true,"href":"https:\/\/wiitta.fi\/en\/wp-json\/wp\/v2\/media\/3425"}],"wp:attachment":[{"href":"https:\/\/wiitta.fi\/en\/wp-json\/wp\/v2\/media?parent=3424"}],"wp:term":[{"taxonomy":"product_brand","embeddable":true,"href":"https:\/\/wiitta.fi\/en\/wp-json\/wp\/v2\/product_brand?post=3424"},{"taxonomy":"product_cat","embeddable":true,"href":"https:\/\/wiitta.fi\/en\/wp-json\/wp\/v2\/product_cat?post=3424"},{"taxonomy":"product_tag","embeddable":true,"href":"https:\/\/wiitta.fi\/en\/wp-json\/wp\/v2\/product_tag?post=3424"}],"curies":[{"name":"wp","href":"https:\/\/api.w.org\/{rel}","templated":true}]}}