{"id":2408,"date":"2024-08-16T11:33:10","date_gmt":"2024-08-16T08:33:10","guid":{"rendered":"https:\/\/wiitta.fi\/tuote\/eurobox\/"},"modified":"2025-04-09T14:49:49","modified_gmt":"2025-04-09T11:49:49","slug":"eurobox","status":"publish","type":"product","link":"https:\/\/wiitta.fi\/sv\/tuote\/eurobox\/","title":{"rendered":"Eurobox"},"content":{"rendered":"<h1>Eurobox<\/h1>\n<p>Euroboxar \u00e4r ett f\u00f6rvaringsboxsystem i standardstorlek f\u00f6r f\u00f6rvaring och transport av sm\u00e5gods.<\/p>\n","protected":false},"excerpt":{"rendered":"","protected":false},"featured_media":1475,"comment_status":"closed","ping_status":"closed","template":"","meta":{"_acf_changed":false},"product_brand":[],"product_cat":[117],"product_tag":[],"class_list":{"0":"post-2408","1":"product","2":"type-product","3":"status-publish","4":"has-post-thumbnail","6":"product_cat-packning","8":"first","9":"instock","10":"shipping-taxable","11":"purchasable","12":"product-type-variable"},"acf":[],"yoast_head":"<!-- This site is optimized with the Yoast SEO plugin v26.3 - https:\/\/yoast.com\/wordpress\/plugins\/seo\/ -->\n<title>Eurobox - Wiitta &#10084;<\/title>\n<meta name=\"robots\" content=\"index, follow, max-snippet:-1, max-image-preview:large, max-video-preview:-1\" \/>\n<link rel=\"canonical\" href=\"https:\/\/wiitta.fi\/sv\/tuote\/eurobox\/\" \/>\n<meta property=\"og:locale\" content=\"sv_SE\" \/>\n<meta property=\"og:type\" content=\"article\" \/>\n<meta property=\"og:title\" content=\"Eurobox - Wiitta &#10084;\" \/>\n<meta property=\"og:url\" content=\"https:\/\/wiitta.fi\/sv\/tuote\/eurobox\/\" \/>\n<meta property=\"og:site_name\" content=\"Wiitta &#10084;\" \/>\n<meta property=\"article:modified_time\" content=\"2025-04-09T11:49:49+00:00\" \/>\n<meta property=\"og:image\" content=\"https:\/\/wiitta.fi\/wp-content\/uploads\/2024\/09\/Eurolaatikot-jpg-min-scaled.jpg\" \/>\n\t<meta property=\"og:image:width\" content=\"2560\" \/>\n\t<meta property=\"og:image:height\" content=\"1708\" \/>\n\t<meta property=\"og:image:type\" content=\"image\/jpeg\" \/>\n<meta name=\"twitter:card\" content=\"summary_large_image\" \/>\n<script type=\"application\/ld+json\" class=\"yoast-schema-graph\">{\"@context\":\"https:\/\/schema.org\",\"@graph\":[{\"@type\":\"WebPage\",\"@id\":\"https:\/\/wiitta.fi\/sv\/tuote\/eurobox\/\",\"url\":\"https:\/\/wiitta.fi\/sv\/tuote\/eurobox\/\",\"name\":\"Eurobox - Wiitta &#10084;\",\"isPartOf\":{\"@id\":\"https:\/\/wiitta.fi\/#website\"},\"primaryImageOfPage\":{\"@id\":\"https:\/\/wiitta.fi\/sv\/tuote\/eurobox\/#primaryimage\"},\"image\":{\"@id\":\"https:\/\/wiitta.fi\/sv\/tuote\/eurobox\/#primaryimage\"},\"thumbnailUrl\":\"https:\/\/wiitta.fi\/wp-content\/uploads\/2024\/09\/Eurolaatikot-jpg-min-scaled.jpg\",\"datePublished\":\"2024-08-16T08:33:10+00:00\",\"dateModified\":\"2025-04-09T11:49:49+00:00\",\"breadcrumb\":{\"@id\":\"https:\/\/wiitta.fi\/sv\/tuote\/eurobox\/#breadcrumb\"},\"inLanguage\":\"sv-SE\",\"potentialAction\":[{\"@type\":\"ReadAction\",\"target\":[\"https:\/\/wiitta.fi\/sv\/tuote\/eurobox\/\"]}]},{\"@type\":\"ImageObject\",\"inLanguage\":\"sv-SE\",\"@id\":\"https:\/\/wiitta.fi\/sv\/tuote\/eurobox\/#primaryimage\",\"url\":\"https:\/\/wiitta.fi\/wp-content\/uploads\/2024\/09\/Eurolaatikot-jpg-min-scaled.jpg\",\"contentUrl\":\"https:\/\/wiitta.fi\/wp-content\/uploads\/2024\/09\/Eurolaatikot-jpg-min-scaled.jpg\",\"width\":2560,\"height\":1708},{\"@type\":\"BreadcrumbList\",\"@id\":\"https:\/\/wiitta.fi\/sv\/tuote\/eurobox\/#breadcrumb\",\"itemListElement\":[{\"@type\":\"ListItem\",\"position\":1,\"name\":\"Etusivu\",\"item\":\"https:\/\/wiitta.fi\/sv\/hemsidan\/\"},{\"@type\":\"ListItem\",\"position\":2,\"name\":\"Kauppa\",\"item\":\"https:\/\/wiitta.fi\/kauppa\/\"},{\"@type\":\"ListItem\",\"position\":3,\"name\":\"Eurobox\"}]},{\"@type\":\"WebSite\",\"@id\":\"https:\/\/wiitta.fi\/#website\",\"url\":\"https:\/\/wiitta.fi\/\",\"name\":\"Wiitta \u2764\",\"description\":\"Rakkaudesta muoviin\",\"publisher\":{\"@id\":\"https:\/\/wiitta.fi\/#organization\"},\"potentialAction\":[{\"@type\":\"SearchAction\",\"target\":{\"@type\":\"EntryPoint\",\"urlTemplate\":\"https:\/\/wiitta.fi\/?s={search_term_string}\"},\"query-input\":{\"@type\":\"PropertyValueSpecification\",\"valueRequired\":true,\"valueName\":\"search_term_string\"}}],\"inLanguage\":\"sv-SE\"},{\"@type\":\"Organization\",\"@id\":\"https:\/\/wiitta.fi\/#organization\",\"name\":\"Wiitta \u2764\",\"url\":\"https:\/\/wiitta.fi\/\",\"logo\":{\"@type\":\"ImageObject\",\"inLanguage\":\"sv-SE\",\"@id\":\"https:\/\/wiitta.fi\/#\/schema\/logo\/image\/\",\"url\":\"https:\/\/wiitta.fi\/wp-content\/uploads\/2024\/09\/wiitta_logo-Copy.svg\",\"contentUrl\":\"https:\/\/wiitta.fi\/wp-content\/uploads\/2024\/09\/wiitta_logo-Copy.svg\",\"width\":1,\"height\":1,\"caption\":\"Wiitta \u2764\"},\"image\":{\"@id\":\"https:\/\/wiitta.fi\/#\/schema\/logo\/image\/\"}}]}<\/script>\n<!-- \/ Yoast SEO plugin. -->","yoast_head_json":{"title":"Eurobox - Wiitta &#10084;","robots":{"index":"index","follow":"follow","max-snippet":"max-snippet:-1","max-image-preview":"max-image-preview:large","max-video-preview":"max-video-preview:-1"},"canonical":"https:\/\/wiitta.fi\/sv\/tuote\/eurobox\/","og_locale":"sv_SE","og_type":"article","og_title":"Eurobox - Wiitta &#10084;","og_url":"https:\/\/wiitta.fi\/sv\/tuote\/eurobox\/","og_site_name":"Wiitta &#10084;","article_modified_time":"2025-04-09T11:49:49+00:00","og_image":[{"width":2560,"height":1708,"url":"https:\/\/wiitta.fi\/wp-content\/uploads\/2024\/09\/Eurolaatikot-jpg-min-scaled.jpg","type":"image\/jpeg"}],"twitter_card":"summary_large_image","schema":{"@context":"https:\/\/schema.org","@graph":[{"@type":"WebPage","@id":"https:\/\/wiitta.fi\/sv\/tuote\/eurobox\/","url":"https:\/\/wiitta.fi\/sv\/tuote\/eurobox\/","name":"Eurobox - Wiitta &#10084;","isPartOf":{"@id":"https:\/\/wiitta.fi\/#website"},"primaryImageOfPage":{"@id":"https:\/\/wiitta.fi\/sv\/tuote\/eurobox\/#primaryimage"},"image":{"@id":"https:\/\/wiitta.fi\/sv\/tuote\/eurobox\/#primaryimage"},"thumbnailUrl":"https:\/\/wiitta.fi\/wp-content\/uploads\/2024\/09\/Eurolaatikot-jpg-min-scaled.jpg","datePublished":"2024-08-16T08:33:10+00:00","dateModified":"2025-04-09T11:49:49+00:00","breadcrumb":{"@id":"https:\/\/wiitta.fi\/sv\/tuote\/eurobox\/#breadcrumb"},"inLanguage":"sv-SE","potentialAction":[{"@type":"ReadAction","target":["https:\/\/wiitta.fi\/sv\/tuote\/eurobox\/"]}]},{"@type":"ImageObject","inLanguage":"sv-SE","@id":"https:\/\/wiitta.fi\/sv\/tuote\/eurobox\/#primaryimage","url":"https:\/\/wiitta.fi\/wp-content\/uploads\/2024\/09\/Eurolaatikot-jpg-min-scaled.jpg","contentUrl":"https:\/\/wiitta.fi\/wp-content\/uploads\/2024\/09\/Eurolaatikot-jpg-min-scaled.jpg","width":2560,"height":1708},{"@type":"BreadcrumbList","@id":"https:\/\/wiitta.fi\/sv\/tuote\/eurobox\/#breadcrumb","itemListElement":[{"@type":"ListItem","position":1,"name":"Etusivu","item":"https:\/\/wiitta.fi\/sv\/hemsidan\/"},{"@type":"ListItem","position":2,"name":"Kauppa","item":"https:\/\/wiitta.fi\/kauppa\/"},{"@type":"ListItem","position":3,"name":"Eurobox"}]},{"@type":"WebSite","@id":"https:\/\/wiitta.fi\/#website","url":"https:\/\/wiitta.fi\/","name":"Wiitta \u2764","description":"Rakkaudesta muoviin","publisher":{"@id":"https:\/\/wiitta.fi\/#organization"},"potentialAction":[{"@type":"SearchAction","target":{"@type":"EntryPoint","urlTemplate":"https:\/\/wiitta.fi\/?s={search_term_string}"},"query-input":{"@type":"PropertyValueSpecification","valueRequired":true,"valueName":"search_term_string"}}],"inLanguage":"sv-SE"},{"@type":"Organization","@id":"https:\/\/wiitta.fi\/#organization","name":"Wiitta \u2764","url":"https:\/\/wiitta.fi\/","logo":{"@type":"ImageObject","inLanguage":"sv-SE","@id":"https:\/\/wiitta.fi\/#\/schema\/logo\/image\/","url":"https:\/\/wiitta.fi\/wp-content\/uploads\/2024\/09\/wiitta_logo-Copy.svg","contentUrl":"https:\/\/wiitta.fi\/wp-content\/uploads\/2024\/09\/wiitta_logo-Copy.svg","width":1,"height":1,"caption":"Wiitta \u2764"},"image":{"@id":"https:\/\/wiitta.fi\/#\/schema\/logo\/image\/"}}]}},"_links":{"self":[{"href":"https:\/\/wiitta.fi\/sv\/wp-json\/wp\/v2\/product\/2408","targetHints":{"allow":["GET"]}}],"collection":[{"href":"https:\/\/wiitta.fi\/sv\/wp-json\/wp\/v2\/product"}],"about":[{"href":"https:\/\/wiitta.fi\/sv\/wp-json\/wp\/v2\/types\/product"}],"replies":[{"embeddable":true,"href":"https:\/\/wiitta.fi\/sv\/wp-json\/wp\/v2\/comments?post=2408"}],"wp:featuredmedia":[{"embeddable":true,"href":"https:\/\/wiitta.fi\/sv\/wp-json\/wp\/v2\/media\/1475"}],"wp:attachment":[{"href":"https:\/\/wiitta.fi\/sv\/wp-json\/wp\/v2\/media?parent=2408"}],"wp:term":[{"taxonomy":"product_brand","embeddable":true,"href":"https:\/\/wiitta.fi\/sv\/wp-json\/wp\/v2\/product_brand?post=2408"},{"taxonomy":"product_cat","embeddable":true,"href":"https:\/\/wiitta.fi\/sv\/wp-json\/wp\/v2\/product_cat?post=2408"},{"taxonomy":"product_tag","embeddable":true,"href":"https:\/\/wiitta.fi\/sv\/wp-json\/wp\/v2\/product_tag?post=2408"}],"curies":[{"name":"wp","href":"https:\/\/api.w.org\/{rel}","templated":true}]}}