{"id":2918,"date":"2025-11-19T15:13:19","date_gmt":"2025-11-19T13:13:19","guid":{"rendered":"https:\/\/wiitta.fi\/?post_type=product&#038;p=2918"},"modified":"2026-01-09T14:50:43","modified_gmt":"2026-01-09T12:50:43","slug":"miniahkio-456","status":"publish","type":"product","link":"https:\/\/wiitta.fi\/sv\/tuote\/miniahkio-456\/","title":{"rendered":"Miniahkio 456"},"content":{"rendered":"<h1>Miniahkio 456<\/h1>\n<p>Klassikkopulkkamme &#8221;pikkuveli&#8221;.<\/p>\n<p>Sopii erinomaisesti perheen pienimmille, jotka osaavat jo istua ilman tukea. Valmistettu kest\u00e4v\u00e4st\u00e4 PP-HD-materiaalista, joka s\u00e4ilytt\u00e4\u00e4 luistonsa ja kest\u00e4\u00e4 pakkasta vuodesta toiseen. Suomessa valmistettu Avainlipputuote. Testattu EN 71-1 -standardin mukaisesti.<\/p>\n","protected":false},"excerpt":{"rendered":"<p>Pieni pulkka perheen pienimmille kun lapsi osaa jo istua ilman tukea. Kest\u00e4v\u00e4 PP-HD-materiaali s\u00e4ilytt\u00e4\u00e4 luiston ja kest\u00e4\u00e4 pakkaskaudet vuodesta toiseen. Suomessa valmistettu Avainlipputuote, testattu EN 71-1 -standardin mukaisesti.<\/p>\n","protected":false},"featured_media":2919,"comment_status":"closed","ping_status":"closed","template":"","meta":{"_acf_changed":false},"product_brand":[],"product_cat":[280],"product_tag":[276,297,298,296,290,293,273,285,286,288,278,302,291,272,271,289,292,294,287,295,274,275],"class_list":{"0":"post-2918","1":"product","2":"type-product","3":"status-publish","4":"has-post-thumbnail","6":"product_cat-pulkat","7":"product_tag-ahkio","8":"product_tag-avainlippu","9":"product_tag-avainlipputuote","10":"product_tag-kestava-pulkka","11":"product_tag-klassinen-pulkka","12":"product_tag-kotimainen-pulkka","13":"product_tag-lasten-pulkka","14":"product_tag-liukuri","15":"product_tag-liukurit","16":"product_tag-lumileluja-lapsille","17":"product_tag-lumilelut","18":"product_tag-minipulkka","19":"product_tag-perinnepulkka","20":"product_tag-pulkat","21":"product_tag-pulkka","22":"product_tag-pulkkamaki","23":"product_tag-retropulkka","24":"product_tag-suomessa-valmistettu-pulkka","25":"product_tag-talvilelut","26":"product_tag-vastuullinen","27":"product_tag-vauvan-pulkka","28":"product_tag-vauvapulkka","30":"first","31":"instock","32":"shipping-taxable","33":"purchasable","34":"product-type-variable"},"acf":[],"yoast_head":"<!-- This site is optimized with the Yoast SEO plugin v26.3 - https:\/\/yoast.com\/wordpress\/plugins\/seo\/ -->\n<title>Miniahkio 456 - Wiitta &#10084;<\/title>\n<meta name=\"description\" content=\"PP-HD-materiaalista valmistettu pulkka pienille laskijoille. Kest\u00e4\u00e4 pakkasta ja luistaa hyvin. Suomessa tehty Avainlipputuote, EN 71-1 -testattu.\" \/>\n<meta name=\"robots\" content=\"index, follow, max-snippet:-1, max-image-preview:large, max-video-preview:-1\" \/>\n<link rel=\"canonical\" href=\"https:\/\/wiitta.fi\/tuote\/miniahkio-456\/\" \/>\n<meta property=\"og:locale\" content=\"sv_SE\" \/>\n<meta property=\"og:type\" content=\"article\" \/>\n<meta property=\"og:title\" content=\"Miniahkio 456 - Wiitta &#10084;\" \/>\n<meta property=\"og:description\" content=\"PP-HD-materiaalista valmistettu pulkka pienille laskijoille. Kest\u00e4\u00e4 pakkasta ja luistaa hyvin. Suomessa tehty Avainlipputuote, EN 71-1 -testattu.\" \/>\n<meta property=\"og:url\" content=\"https:\/\/wiitta.fi\/tuote\/miniahkio-456\/\" \/>\n<meta property=\"og:site_name\" content=\"Wiitta &#10084;\" \/>\n<meta property=\"article:modified_time\" content=\"2026-01-09T12:50:43+00:00\" \/>\n<meta property=\"og:image\" content=\"https:\/\/wiitta.fi\/wp-content\/uploads\/2025\/11\/Miniahkio-456_musta_sivu.jpg\" \/>\n\t<meta property=\"og:image:width\" content=\"791\" \/>\n\t<meta property=\"og:image:height\" content=\"768\" \/>\n\t<meta property=\"og:image:type\" content=\"image\/jpeg\" \/>\n<meta name=\"twitter:card\" content=\"summary_large_image\" \/>\n<meta name=\"twitter:label1\" content=\"Ber\u00e4knad l\u00e4stid\" \/>\n\t<meta name=\"twitter:data1\" content=\"1 minut\" \/>\n<script type=\"application\/ld+json\" class=\"yoast-schema-graph\">{\"@context\":\"https:\/\/schema.org\",\"@graph\":[{\"@type\":\"WebPage\",\"@id\":\"https:\/\/wiitta.fi\/tuote\/miniahkio-456\/\",\"url\":\"https:\/\/wiitta.fi\/tuote\/miniahkio-456\/\",\"name\":\"Miniahkio 456 - Wiitta &#10084;\",\"isPartOf\":{\"@id\":\"https:\/\/wiitta.fi\/#website\"},\"primaryImageOfPage\":{\"@id\":\"https:\/\/wiitta.fi\/tuote\/miniahkio-456\/#primaryimage\"},\"image\":{\"@id\":\"https:\/\/wiitta.fi\/tuote\/miniahkio-456\/#primaryimage\"},\"thumbnailUrl\":\"https:\/\/wiitta.fi\/wp-content\/uploads\/2025\/11\/Miniahkio-456_musta_sivu.jpg\",\"datePublished\":\"2025-11-19T13:13:19+00:00\",\"dateModified\":\"2026-01-09T12:50:43+00:00\",\"description\":\"PP-HD-materiaalista valmistettu pulkka pienille laskijoille. Kest\u00e4\u00e4 pakkasta ja luistaa hyvin. Suomessa tehty Avainlipputuote, EN 71-1 -testattu.\",\"breadcrumb\":{\"@id\":\"https:\/\/wiitta.fi\/tuote\/miniahkio-456\/#breadcrumb\"},\"inLanguage\":\"sv-SE\",\"potentialAction\":[{\"@type\":\"ReadAction\",\"target\":[\"https:\/\/wiitta.fi\/tuote\/miniahkio-456\/\"]}]},{\"@type\":\"ImageObject\",\"inLanguage\":\"sv-SE\",\"@id\":\"https:\/\/wiitta.fi\/tuote\/miniahkio-456\/#primaryimage\",\"url\":\"https:\/\/wiitta.fi\/wp-content\/uploads\/2025\/11\/Miniahkio-456_musta_sivu.jpg\",\"contentUrl\":\"https:\/\/wiitta.fi\/wp-content\/uploads\/2025\/11\/Miniahkio-456_musta_sivu.jpg\",\"width\":791,\"height\":768},{\"@type\":\"BreadcrumbList\",\"@id\":\"https:\/\/wiitta.fi\/tuote\/miniahkio-456\/#breadcrumb\",\"itemListElement\":[{\"@type\":\"ListItem\",\"position\":1,\"name\":\"Etusivu\",\"item\":\"https:\/\/wiitta.fi\/sv\/hemsidan\/\"},{\"@type\":\"ListItem\",\"position\":2,\"name\":\"Kauppa\",\"item\":\"https:\/\/wiitta.fi\/kauppa\/\"},{\"@type\":\"ListItem\",\"position\":3,\"name\":\"Miniahkio 456\"}]},{\"@type\":\"WebSite\",\"@id\":\"https:\/\/wiitta.fi\/#website\",\"url\":\"https:\/\/wiitta.fi\/\",\"name\":\"Wiitta \u2764\",\"description\":\"Rakkaudesta muoviin\",\"publisher\":{\"@id\":\"https:\/\/wiitta.fi\/#organization\"},\"potentialAction\":[{\"@type\":\"SearchAction\",\"target\":{\"@type\":\"EntryPoint\",\"urlTemplate\":\"https:\/\/wiitta.fi\/?s={search_term_string}\"},\"query-input\":{\"@type\":\"PropertyValueSpecification\",\"valueRequired\":true,\"valueName\":\"search_term_string\"}}],\"inLanguage\":\"sv-SE\"},{\"@type\":\"Organization\",\"@id\":\"https:\/\/wiitta.fi\/#organization\",\"name\":\"Wiitta \u2764\",\"url\":\"https:\/\/wiitta.fi\/\",\"logo\":{\"@type\":\"ImageObject\",\"inLanguage\":\"sv-SE\",\"@id\":\"https:\/\/wiitta.fi\/#\/schema\/logo\/image\/\",\"url\":\"https:\/\/wiitta.fi\/wp-content\/uploads\/2024\/09\/wiitta_logo-Copy.svg\",\"contentUrl\":\"https:\/\/wiitta.fi\/wp-content\/uploads\/2024\/09\/wiitta_logo-Copy.svg\",\"width\":1,\"height\":1,\"caption\":\"Wiitta \u2764\"},\"image\":{\"@id\":\"https:\/\/wiitta.fi\/#\/schema\/logo\/image\/\"}}]}<\/script>\n<!-- \/ Yoast SEO plugin. -->","yoast_head_json":{"title":"Miniahkio 456 - Wiitta &#10084;","description":"PP-HD-materiaalista valmistettu pulkka pienille laskijoille. Kest\u00e4\u00e4 pakkasta ja luistaa hyvin. Suomessa tehty Avainlipputuote, EN 71-1 -testattu.","robots":{"index":"index","follow":"follow","max-snippet":"max-snippet:-1","max-image-preview":"max-image-preview:large","max-video-preview":"max-video-preview:-1"},"canonical":"https:\/\/wiitta.fi\/tuote\/miniahkio-456\/","og_locale":"sv_SE","og_type":"article","og_title":"Miniahkio 456 - Wiitta &#10084;","og_description":"PP-HD-materiaalista valmistettu pulkka pienille laskijoille. Kest\u00e4\u00e4 pakkasta ja luistaa hyvin. Suomessa tehty Avainlipputuote, EN 71-1 -testattu.","og_url":"https:\/\/wiitta.fi\/tuote\/miniahkio-456\/","og_site_name":"Wiitta &#10084;","article_modified_time":"2026-01-09T12:50:43+00:00","og_image":[{"width":791,"height":768,"url":"https:\/\/wiitta.fi\/wp-content\/uploads\/2025\/11\/Miniahkio-456_musta_sivu.jpg","type":"image\/jpeg"}],"twitter_card":"summary_large_image","twitter_misc":{"Ber\u00e4knad l\u00e4stid":"1 minut"},"schema":{"@context":"https:\/\/schema.org","@graph":[{"@type":"WebPage","@id":"https:\/\/wiitta.fi\/tuote\/miniahkio-456\/","url":"https:\/\/wiitta.fi\/tuote\/miniahkio-456\/","name":"Miniahkio 456 - Wiitta &#10084;","isPartOf":{"@id":"https:\/\/wiitta.fi\/#website"},"primaryImageOfPage":{"@id":"https:\/\/wiitta.fi\/tuote\/miniahkio-456\/#primaryimage"},"image":{"@id":"https:\/\/wiitta.fi\/tuote\/miniahkio-456\/#primaryimage"},"thumbnailUrl":"https:\/\/wiitta.fi\/wp-content\/uploads\/2025\/11\/Miniahkio-456_musta_sivu.jpg","datePublished":"2025-11-19T13:13:19+00:00","dateModified":"2026-01-09T12:50:43+00:00","description":"PP-HD-materiaalista valmistettu pulkka pienille laskijoille. Kest\u00e4\u00e4 pakkasta ja luistaa hyvin. Suomessa tehty Avainlipputuote, EN 71-1 -testattu.","breadcrumb":{"@id":"https:\/\/wiitta.fi\/tuote\/miniahkio-456\/#breadcrumb"},"inLanguage":"sv-SE","potentialAction":[{"@type":"ReadAction","target":["https:\/\/wiitta.fi\/tuote\/miniahkio-456\/"]}]},{"@type":"ImageObject","inLanguage":"sv-SE","@id":"https:\/\/wiitta.fi\/tuote\/miniahkio-456\/#primaryimage","url":"https:\/\/wiitta.fi\/wp-content\/uploads\/2025\/11\/Miniahkio-456_musta_sivu.jpg","contentUrl":"https:\/\/wiitta.fi\/wp-content\/uploads\/2025\/11\/Miniahkio-456_musta_sivu.jpg","width":791,"height":768},{"@type":"BreadcrumbList","@id":"https:\/\/wiitta.fi\/tuote\/miniahkio-456\/#breadcrumb","itemListElement":[{"@type":"ListItem","position":1,"name":"Etusivu","item":"https:\/\/wiitta.fi\/sv\/hemsidan\/"},{"@type":"ListItem","position":2,"name":"Kauppa","item":"https:\/\/wiitta.fi\/kauppa\/"},{"@type":"ListItem","position":3,"name":"Miniahkio 456"}]},{"@type":"WebSite","@id":"https:\/\/wiitta.fi\/#website","url":"https:\/\/wiitta.fi\/","name":"Wiitta \u2764","description":"Rakkaudesta muoviin","publisher":{"@id":"https:\/\/wiitta.fi\/#organization"},"potentialAction":[{"@type":"SearchAction","target":{"@type":"EntryPoint","urlTemplate":"https:\/\/wiitta.fi\/?s={search_term_string}"},"query-input":{"@type":"PropertyValueSpecification","valueRequired":true,"valueName":"search_term_string"}}],"inLanguage":"sv-SE"},{"@type":"Organization","@id":"https:\/\/wiitta.fi\/#organization","name":"Wiitta \u2764","url":"https:\/\/wiitta.fi\/","logo":{"@type":"ImageObject","inLanguage":"sv-SE","@id":"https:\/\/wiitta.fi\/#\/schema\/logo\/image\/","url":"https:\/\/wiitta.fi\/wp-content\/uploads\/2024\/09\/wiitta_logo-Copy.svg","contentUrl":"https:\/\/wiitta.fi\/wp-content\/uploads\/2024\/09\/wiitta_logo-Copy.svg","width":1,"height":1,"caption":"Wiitta \u2764"},"image":{"@id":"https:\/\/wiitta.fi\/#\/schema\/logo\/image\/"}}]}},"_links":{"self":[{"href":"https:\/\/wiitta.fi\/sv\/wp-json\/wp\/v2\/product\/2918","targetHints":{"allow":["GET"]}}],"collection":[{"href":"https:\/\/wiitta.fi\/sv\/wp-json\/wp\/v2\/product"}],"about":[{"href":"https:\/\/wiitta.fi\/sv\/wp-json\/wp\/v2\/types\/product"}],"replies":[{"embeddable":true,"href":"https:\/\/wiitta.fi\/sv\/wp-json\/wp\/v2\/comments?post=2918"}],"wp:featuredmedia":[{"embeddable":true,"href":"https:\/\/wiitta.fi\/sv\/wp-json\/wp\/v2\/media\/2919"}],"wp:attachment":[{"href":"https:\/\/wiitta.fi\/sv\/wp-json\/wp\/v2\/media?parent=2918"}],"wp:term":[{"taxonomy":"product_brand","embeddable":true,"href":"https:\/\/wiitta.fi\/sv\/wp-json\/wp\/v2\/product_brand?post=2918"},{"taxonomy":"product_cat","embeddable":true,"href":"https:\/\/wiitta.fi\/sv\/wp-json\/wp\/v2\/product_cat?post=2918"},{"taxonomy":"product_tag","embeddable":true,"href":"https:\/\/wiitta.fi\/sv\/wp-json\/wp\/v2\/product_tag?post=2918"}],"curies":[{"name":"wp","href":"https:\/\/api.w.org\/{rel}","templated":true}]}}