{"id":3092,"date":"2025-12-30T11:57:39","date_gmt":"2025-12-30T09:57:39","guid":{"rendered":"https:\/\/wiitta.fi\/?post_type=product&#038;p=3092"},"modified":"2026-01-15T16:40:22","modified_gmt":"2026-01-15T14:40:22","slug":"kulmayhde","status":"publish","type":"product","link":"https:\/\/wiitta.fi\/sv\/tuote\/kulmayhde\/","title":{"rendered":"Kulmayhteet"},"content":{"rendered":"<h1>KULMAYHTEET<\/h1>\n<p>Viem\u00e4riputken kulmayhde kiinteist\u00f6viem\u00e4r\u00f6intiin. Kulmayhteet on valmistettu kest\u00e4v\u00e4st\u00e4 PP-kopolymeerimuovista ja varustettu laadukkaalla EPDM-tiivisteell\u00e4, joka varmistaa tiiveyden ja pitk\u00e4ik\u00e4isyyden.<\/p>\n<p>Tuotteet on valmistettu eurooppalaisten standardien <strong data-start=\"679\" data-end=\"692\">EN 1451-1<\/strong> ja <strong data-start=\"696\" data-end=\"709\">EN 1852-1<\/strong> mukaisesti. Kulmayhteill\u00e4 on <strong data-start=\"739\" data-end=\"759\">Nordic Poly Mark<\/strong>, mik\u00e4 osoittaa tuotteiden t\u00e4ytt\u00e4v\u00e4n pohjoismaiset laatu- ja turvallisuusvaatimukset. Yhteet on suunniteltu pitk\u00e4aikaiseen ja vaativaan ammattik\u00e4ytt\u00f6\u00f6n talotekniikan viem\u00e4rij\u00e4rjestelmiss\u00e4.<\/p>\n","protected":false},"excerpt":{"rendered":"","protected":false},"featured_media":2598,"comment_status":"closed","ping_status":"closed","template":"","meta":{"_acf_changed":false},"product_brand":[],"product_cat":[52],"product_tag":[386,393,397,398,385,387,389,384,396,394,383,378,379,377,391,395,388,392,390,380,376,381,382],"class_list":{"0":"post-3092","1":"product","2":"type-product","3":"status-publish","4":"has-post-thumbnail","6":"product_cat-kulmayhteet","7":"product_tag-epdm-tiiviste-viemariputkissa","8":"product_tag-helppo-asennus-viemariputkille","9":"product_tag-kotimainen","10":"product_tag-kulmayhde","11":"product_tag-kumitiivisteellinen-putkiyhteys","12":"product_tag-liukuliitin-viemariputkelle","13":"product_tag-lvi-putkiyhteet","14":"product_tag-muoviset-viemariputken-liittimet","15":"product_tag-nordic-poly-mark","16":"product_tag-pitkaikaiset-putkiyhteet","17":"product_tag-pp-viemariputken-liittimet","18":"product_tag-putkiyhde","19":"product_tag-putkiyhteet","20":"product_tag-putkiyhteet-viemariin","21":"product_tag-rakennusten-viemariputkiliitokset","22":"product_tag-suomalaiset-viemariputkiliittimet","23":"product_tag-talotekniikan-viemariputkiyhteet","24":"product_tag-tiivis-viemariputkiliitos","25":"product_tag-viemarijarjestelmien-liitososat","26":"product_tag-viemariputken-liittimet","27":"product_tag-viemariputken-putkiyhteet","28":"product_tag-viemariputkien-liitososat","29":"product_tag-viemariputkiliittimet","31":"first","32":"instock","33":"shipping-taxable","34":"purchasable","35":"product-type-variable"},"acf":[],"yoast_head":"<!-- This site is optimized with the Yoast SEO plugin v26.3 - https:\/\/yoast.com\/wordpress\/plugins\/seo\/ -->\n<title>Kulmayhteet - Wiitta &#10084;<\/title>\n<meta name=\"description\" content=\"Viem\u00e4riputken kulmayhde kiinteist\u00f6viem\u00e4r\u00f6intiin. Kotimainen Wiitta-tuote. Nordic Poly Mark -hyv\u00e4ksytty.\" \/>\n<meta name=\"robots\" content=\"index, follow, max-snippet:-1, max-image-preview:large, max-video-preview:-1\" \/>\n<link rel=\"canonical\" href=\"https:\/\/wiitta.fi\/tuote\/kulmayhde\/\" \/>\n<meta property=\"og:locale\" content=\"sv_SE\" \/>\n<meta property=\"og:type\" content=\"article\" \/>\n<meta property=\"og:title\" content=\"Kulmayhteet - Wiitta &#10084;\" \/>\n<meta property=\"og:description\" content=\"Viem\u00e4riputken kulmayhde kiinteist\u00f6viem\u00e4r\u00f6intiin. Kotimainen Wiitta-tuote. Nordic Poly Mark -hyv\u00e4ksytty.\" \/>\n<meta property=\"og:url\" content=\"https:\/\/wiitta.fi\/tuote\/kulmayhde\/\" \/>\n<meta property=\"og:site_name\" content=\"Wiitta &#10084;\" \/>\n<meta property=\"article:modified_time\" content=\"2026-01-15T14:40:22+00:00\" \/>\n<meta property=\"og:image\" content=\"https:\/\/wiitta.fi\/wp-content\/uploads\/2025\/03\/kulmayhde_1muhvi_75x45-2.png\" \/>\n\t<meta property=\"og:image:width\" content=\"960\" \/>\n\t<meta property=\"og:image:height\" content=\"768\" \/>\n\t<meta property=\"og:image:type\" content=\"image\/png\" \/>\n<meta name=\"twitter:card\" content=\"summary_large_image\" \/>\n<meta name=\"twitter:label1\" content=\"Ber\u00e4knad l\u00e4stid\" \/>\n\t<meta name=\"twitter:data1\" content=\"1 minut\" \/>\n<script type=\"application\/ld+json\" class=\"yoast-schema-graph\">{\"@context\":\"https:\/\/schema.org\",\"@graph\":[{\"@type\":\"WebPage\",\"@id\":\"https:\/\/wiitta.fi\/tuote\/kulmayhde\/\",\"url\":\"https:\/\/wiitta.fi\/tuote\/kulmayhde\/\",\"name\":\"Kulmayhteet - Wiitta &#10084;\",\"isPartOf\":{\"@id\":\"https:\/\/wiitta.fi\/#website\"},\"primaryImageOfPage\":{\"@id\":\"https:\/\/wiitta.fi\/tuote\/kulmayhde\/#primaryimage\"},\"image\":{\"@id\":\"https:\/\/wiitta.fi\/tuote\/kulmayhde\/#primaryimage\"},\"thumbnailUrl\":\"https:\/\/wiitta.fi\/wp-content\/uploads\/2025\/03\/kulmayhde_1muhvi_75x45-2.png\",\"datePublished\":\"2025-12-30T09:57:39+00:00\",\"dateModified\":\"2026-01-15T14:40:22+00:00\",\"description\":\"Viem\u00e4riputken kulmayhde kiinteist\u00f6viem\u00e4r\u00f6intiin. Kotimainen Wiitta-tuote. Nordic Poly Mark -hyv\u00e4ksytty.\",\"breadcrumb\":{\"@id\":\"https:\/\/wiitta.fi\/tuote\/kulmayhde\/#breadcrumb\"},\"inLanguage\":\"sv-SE\",\"potentialAction\":[{\"@type\":\"ReadAction\",\"target\":[\"https:\/\/wiitta.fi\/tuote\/kulmayhde\/\"]}]},{\"@type\":\"ImageObject\",\"inLanguage\":\"sv-SE\",\"@id\":\"https:\/\/wiitta.fi\/tuote\/kulmayhde\/#primaryimage\",\"url\":\"https:\/\/wiitta.fi\/wp-content\/uploads\/2025\/03\/kulmayhde_1muhvi_75x45-2.png\",\"contentUrl\":\"https:\/\/wiitta.fi\/wp-content\/uploads\/2025\/03\/kulmayhde_1muhvi_75x45-2.png\",\"width\":960,\"height\":768},{\"@type\":\"BreadcrumbList\",\"@id\":\"https:\/\/wiitta.fi\/tuote\/kulmayhde\/#breadcrumb\",\"itemListElement\":[{\"@type\":\"ListItem\",\"position\":1,\"name\":\"Etusivu\",\"item\":\"https:\/\/wiitta.fi\/sv\/hemsidan\/\"},{\"@type\":\"ListItem\",\"position\":2,\"name\":\"Kauppa\",\"item\":\"https:\/\/wiitta.fi\/kauppa\/\"},{\"@type\":\"ListItem\",\"position\":3,\"name\":\"Kulmayhteet\"}]},{\"@type\":\"WebSite\",\"@id\":\"https:\/\/wiitta.fi\/#website\",\"url\":\"https:\/\/wiitta.fi\/\",\"name\":\"Wiitta \u2764\",\"description\":\"Rakkaudesta muoviin\",\"publisher\":{\"@id\":\"https:\/\/wiitta.fi\/#organization\"},\"potentialAction\":[{\"@type\":\"SearchAction\",\"target\":{\"@type\":\"EntryPoint\",\"urlTemplate\":\"https:\/\/wiitta.fi\/?s={search_term_string}\"},\"query-input\":{\"@type\":\"PropertyValueSpecification\",\"valueRequired\":true,\"valueName\":\"search_term_string\"}}],\"inLanguage\":\"sv-SE\"},{\"@type\":\"Organization\",\"@id\":\"https:\/\/wiitta.fi\/#organization\",\"name\":\"Wiitta \u2764\",\"url\":\"https:\/\/wiitta.fi\/\",\"logo\":{\"@type\":\"ImageObject\",\"inLanguage\":\"sv-SE\",\"@id\":\"https:\/\/wiitta.fi\/#\/schema\/logo\/image\/\",\"url\":\"https:\/\/wiitta.fi\/wp-content\/uploads\/2024\/09\/wiitta_logo-Copy.svg\",\"contentUrl\":\"https:\/\/wiitta.fi\/wp-content\/uploads\/2024\/09\/wiitta_logo-Copy.svg\",\"width\":1,\"height\":1,\"caption\":\"Wiitta \u2764\"},\"image\":{\"@id\":\"https:\/\/wiitta.fi\/#\/schema\/logo\/image\/\"}}]}<\/script>\n<!-- \/ Yoast SEO plugin. -->","yoast_head_json":{"title":"Kulmayhteet - Wiitta &#10084;","description":"Viem\u00e4riputken kulmayhde kiinteist\u00f6viem\u00e4r\u00f6intiin. Kotimainen Wiitta-tuote. Nordic Poly Mark -hyv\u00e4ksytty.","robots":{"index":"index","follow":"follow","max-snippet":"max-snippet:-1","max-image-preview":"max-image-preview:large","max-video-preview":"max-video-preview:-1"},"canonical":"https:\/\/wiitta.fi\/tuote\/kulmayhde\/","og_locale":"sv_SE","og_type":"article","og_title":"Kulmayhteet - Wiitta &#10084;","og_description":"Viem\u00e4riputken kulmayhde kiinteist\u00f6viem\u00e4r\u00f6intiin. Kotimainen Wiitta-tuote. Nordic Poly Mark -hyv\u00e4ksytty.","og_url":"https:\/\/wiitta.fi\/tuote\/kulmayhde\/","og_site_name":"Wiitta &#10084;","article_modified_time":"2026-01-15T14:40:22+00:00","og_image":[{"width":960,"height":768,"url":"https:\/\/wiitta.fi\/wp-content\/uploads\/2025\/03\/kulmayhde_1muhvi_75x45-2.png","type":"image\/png"}],"twitter_card":"summary_large_image","twitter_misc":{"Ber\u00e4knad l\u00e4stid":"1 minut"},"schema":{"@context":"https:\/\/schema.org","@graph":[{"@type":"WebPage","@id":"https:\/\/wiitta.fi\/tuote\/kulmayhde\/","url":"https:\/\/wiitta.fi\/tuote\/kulmayhde\/","name":"Kulmayhteet - Wiitta &#10084;","isPartOf":{"@id":"https:\/\/wiitta.fi\/#website"},"primaryImageOfPage":{"@id":"https:\/\/wiitta.fi\/tuote\/kulmayhde\/#primaryimage"},"image":{"@id":"https:\/\/wiitta.fi\/tuote\/kulmayhde\/#primaryimage"},"thumbnailUrl":"https:\/\/wiitta.fi\/wp-content\/uploads\/2025\/03\/kulmayhde_1muhvi_75x45-2.png","datePublished":"2025-12-30T09:57:39+00:00","dateModified":"2026-01-15T14:40:22+00:00","description":"Viem\u00e4riputken kulmayhde kiinteist\u00f6viem\u00e4r\u00f6intiin. Kotimainen Wiitta-tuote. Nordic Poly Mark -hyv\u00e4ksytty.","breadcrumb":{"@id":"https:\/\/wiitta.fi\/tuote\/kulmayhde\/#breadcrumb"},"inLanguage":"sv-SE","potentialAction":[{"@type":"ReadAction","target":["https:\/\/wiitta.fi\/tuote\/kulmayhde\/"]}]},{"@type":"ImageObject","inLanguage":"sv-SE","@id":"https:\/\/wiitta.fi\/tuote\/kulmayhde\/#primaryimage","url":"https:\/\/wiitta.fi\/wp-content\/uploads\/2025\/03\/kulmayhde_1muhvi_75x45-2.png","contentUrl":"https:\/\/wiitta.fi\/wp-content\/uploads\/2025\/03\/kulmayhde_1muhvi_75x45-2.png","width":960,"height":768},{"@type":"BreadcrumbList","@id":"https:\/\/wiitta.fi\/tuote\/kulmayhde\/#breadcrumb","itemListElement":[{"@type":"ListItem","position":1,"name":"Etusivu","item":"https:\/\/wiitta.fi\/sv\/hemsidan\/"},{"@type":"ListItem","position":2,"name":"Kauppa","item":"https:\/\/wiitta.fi\/kauppa\/"},{"@type":"ListItem","position":3,"name":"Kulmayhteet"}]},{"@type":"WebSite","@id":"https:\/\/wiitta.fi\/#website","url":"https:\/\/wiitta.fi\/","name":"Wiitta \u2764","description":"Rakkaudesta muoviin","publisher":{"@id":"https:\/\/wiitta.fi\/#organization"},"potentialAction":[{"@type":"SearchAction","target":{"@type":"EntryPoint","urlTemplate":"https:\/\/wiitta.fi\/?s={search_term_string}"},"query-input":{"@type":"PropertyValueSpecification","valueRequired":true,"valueName":"search_term_string"}}],"inLanguage":"sv-SE"},{"@type":"Organization","@id":"https:\/\/wiitta.fi\/#organization","name":"Wiitta \u2764","url":"https:\/\/wiitta.fi\/","logo":{"@type":"ImageObject","inLanguage":"sv-SE","@id":"https:\/\/wiitta.fi\/#\/schema\/logo\/image\/","url":"https:\/\/wiitta.fi\/wp-content\/uploads\/2024\/09\/wiitta_logo-Copy.svg","contentUrl":"https:\/\/wiitta.fi\/wp-content\/uploads\/2024\/09\/wiitta_logo-Copy.svg","width":1,"height":1,"caption":"Wiitta \u2764"},"image":{"@id":"https:\/\/wiitta.fi\/#\/schema\/logo\/image\/"}}]}},"_links":{"self":[{"href":"https:\/\/wiitta.fi\/sv\/wp-json\/wp\/v2\/product\/3092","targetHints":{"allow":["GET"]}}],"collection":[{"href":"https:\/\/wiitta.fi\/sv\/wp-json\/wp\/v2\/product"}],"about":[{"href":"https:\/\/wiitta.fi\/sv\/wp-json\/wp\/v2\/types\/product"}],"replies":[{"embeddable":true,"href":"https:\/\/wiitta.fi\/sv\/wp-json\/wp\/v2\/comments?post=3092"}],"wp:featuredmedia":[{"embeddable":true,"href":"https:\/\/wiitta.fi\/sv\/wp-json\/wp\/v2\/media\/2598"}],"wp:attachment":[{"href":"https:\/\/wiitta.fi\/sv\/wp-json\/wp\/v2\/media?parent=3092"}],"wp:term":[{"taxonomy":"product_brand","embeddable":true,"href":"https:\/\/wiitta.fi\/sv\/wp-json\/wp\/v2\/product_brand?post=3092"},{"taxonomy":"product_cat","embeddable":true,"href":"https:\/\/wiitta.fi\/sv\/wp-json\/wp\/v2\/product_cat?post=3092"},{"taxonomy":"product_tag","embeddable":true,"href":"https:\/\/wiitta.fi\/sv\/wp-json\/wp\/v2\/product_tag?post=3092"}],"curies":[{"name":"wp","href":"https:\/\/api.w.org\/{rel}","templated":true}]}}